{"id":5066,"date":"2026-01-23T13:10:51","date_gmt":"2026-01-23T12:10:51","guid":{"rendered":"https:\/\/www.drvickykatsemi.com\/?page_id=5066"},"modified":"2026-01-23T13:26:33","modified_gmt":"2026-01-23T12:26:33","slug":"fachliche-einordnung-und-hygienische-aspekte-endstaendiger-sterilfilter-in-trinkwasserinstallationen","status":"publish","type":"page","link":"https:\/\/www.drvickykatsemi.com\/en\/services\/fachliche-einordnung-und-hygienische-aspekte-endstaendiger-sterilfilter-in-trinkwasserinstallationen\/","title":{"rendered":"Fachliche Einordnung und hygienische Aspekte endst\u00e4ndiger Sterilfilter in Trinkwasserinstallationen"},"content":{"rendered":"<div data-elementor-type=\"wp-page\" data-elementor-id=\"5066\" class=\"elementor elementor-5066\">\n\t\t\t\t<div class=\"elementor-element elementor-element-b172e59 e-flex e-con-boxed e-con e-parent\" data-id=\"b172e59\" data-element_type=\"container\" data-settings=\"{&quot;background_background&quot;:&quot;classic&quot;}\">\n\t\t\t\t\t<div class=\"e-con-inner\">\n\t\t<div class=\"elementor-element elementor-element-0953a1b e-con-full e-flex e-con e-child\" data-id=\"0953a1b\" data-element_type=\"container\">\n\t\t\t\t<div class=\"elementor-element elementor-element-a596c93 elementor-widget elementor-widget-heading\" data-id=\"a596c93\" data-element_type=\"widget\" data-widget_type=\"heading.default\">\n\t\t\t\t<div class=\"elementor-widget-container\">\n\t\t\t\t\t<h1 class=\"elementor-heading-title elementor-size-default\">Fachliche Einordnung und hygienische Aspekte endst\u00e4ndiger Sterilfilter in Trinkwasserinstallationen <\/h1>\t\t\t\t<\/div>\n\t\t\t\t<\/div>\n\t\t\t\t<\/div>\n\t\t\t\t\t<\/div>\n\t\t\t\t<\/div>\n\t\t<div class=\"elementor-element elementor-element-5034fe7 e-flex e-con-boxed e-con e-parent\" data-id=\"5034fe7\" data-element_type=\"container\">\n\t\t\t\t\t<div class=\"e-con-inner\">\n\t\t\t\t<div class=\"elementor-element elementor-element-d19d374 elementor-widget elementor-widget-text-editor\" data-id=\"d19d374\" data-element_type=\"widget\" data-widget_type=\"text-editor.default\">\n\t\t\t\t<div class=\"elementor-widget-container\">\n\t\t\t\t\t\t\t\t\t<p><span style=\"font-weight: 400;\">Endst\u00e4ndige Sterilfilter geh\u00f6ren zu den am besten dokumentierten Ma\u00dfnahmen zur Infektionspr\u00e4vention vor wasserassoziierten Mikroorganismen, wie <\/span><i><span style=\"font-weight: 400;\">Legionella<\/span><\/i><span style=\"font-weight: 400;\">, <\/span><i><span style=\"font-weight: 400;\">Pseudomonas aeruginosa<\/span><\/i><span style=\"font-weight: 400;\">, Mykobakterien und Pilzen.\u00a0<\/span><\/p><p><span style=\"font-weight: 400;\">Unter definierten Bedingungen werden endst\u00e4ndige Sterilfilter seit &gt; 20 Jahren u.a. vom Umweltbundesamt (UBA), der Kommission f\u00fcr Krankenhaushygiene und Infektionspr\u00e4vention (KRINKO), der Deutschen Gesellschaft f\u00fcr allgemeine und Krankenhaus-Hygiene (DGKH), dem Deutschen Verein Gas und Wasser (DVGW) sowie weiteren Fachgesellschaften als tempor\u00e4re Sofortma\u00dfnahme bei mikrobiellen Kontaminationen von Trinkwasserinstallationen genannt. <\/span><span style=\"font-weight: 400;\">1-5<\/span><\/p><p><span style=\"font-weight: 400;\">Der Einsatz endst\u00e4ndiger Sterilfilter ist immer kontextabh\u00e4ngig und erfordert eine hygienisch-fachliche Bewertung der jeweiligen Rahmenbedingungen. Da die Sterilfilter h\u00e4ufig zum unmittelbaren Schutz von Nutzern einer Trinkwasserinstallation vor wasserassoziierten Mikroorganismen eingesetzt werden, kann eine ungeeignete oder fehlerhafte Anwendung zu einem tr\u00fcgerischen Sicherheitsgef\u00fchl und damit zu einem hygienischen Risiko f\u00fchren.\u00a0<\/span><\/p>\t\t\t\t\t\t\t\t<\/div>\n\t\t\t\t<\/div>\n\t\t\t\t<div class=\"elementor-element elementor-element-5e949ef elementor-widget elementor-widget-button\" data-id=\"5e949ef\" data-element_type=\"widget\" data-widget_type=\"button.default\">\n\t\t\t\t<div class=\"elementor-widget-container\">\n\t\t\t\t\t\t\t\t\t<div class=\"elementor-button-wrapper\">\n\t\t\t\t\t<a class=\"elementor-button elementor-button-link elementor-size-sm\" href=\"https:\/\/www.drvickykatsemi.com\/en\/contact\/\">\n\t\t\t\t\t\t<span class=\"elementor-button-content-wrapper\">\n\t\t\t\t\t\t\t\t\t<span class=\"elementor-button-text\">Make an inquiry now<\/span>\n\t\t\t\t\t<\/span>\n\t\t\t\t\t<\/a>\n\t\t\t\t<\/div>\n\t\t\t\t\t\t\t\t<\/div>\n\t\t\t\t<\/div>\n\t\t\t\t\t<\/div>\n\t\t\t\t<\/div>\n\t\t<div class=\"elementor-element elementor-element-c1f9a6a e-flex e-con-boxed e-con e-parent\" data-id=\"c1f9a6a\" data-element_type=\"container\">\n\t\t\t\t\t<div class=\"e-con-inner\">\n\t\t\t\t<div class=\"elementor-element elementor-element-dbb2329 elementor-widget elementor-widget-text-editor\" data-id=\"dbb2329\" data-element_type=\"widget\" data-widget_type=\"text-editor.default\">\n\t\t\t\t<div class=\"elementor-widget-container\">\n\t\t\t\t\t\t\t\t\t<h2>Leistungsangebot: Hygienisch-fachliche Einordnung endst\u00e4ndiger Sterilfilter\u00a0<\/h2><p><span style=\"font-weight: 400;\">Wir bieten eine unabh\u00e4ngige, hygienisch &#8211; fachliche Einordnung des geplanten oder bestehenden Einsatzes endst\u00e4ndiger Sterilfilter in Trinkwasserinstallationen.\u00a0<\/span><\/p><p><span style=\"font-weight: 400;\">Ziel ist es, Betreibern, Hygieneverantwortlichen und Entscheidern eine fachlich fundierte Grundlage f\u00fcr ihre eigenverantwortlichen Entscheidungen im Rahmen des Wassermanagements und der Infektionspr\u00e4vention bereitzustellen.\u00a0<\/span><\/p><p>\u00a0<\/p><h2>Inhalte der fachlichen Einordnung<\/h2><p><span style=\"font-weight: 400;\">Unsere Leistung umfasst u.a.:<\/span><\/p><ul><li style=\"font-weight: 400;\" aria-level=\"1\"><span style=\"font-weight: 400;\">fachliche Einordnung des geplanten oder bestehenden Einsatzes endst\u00e4ndiger Sterilfilter<\/span><\/li><li style=\"font-weight: 400;\" aria-level=\"1\"><span style=\"font-weight: 400;\">Darstellung von Voraussetzungen, Grenzen und potentiellen Risiken beim Einsatz endst\u00e4ndiger Sterilfilter<\/span><\/li><li style=\"font-weight: 400;\" aria-level=\"1\"><span style=\"font-weight: 400;\">Darstellung der korrekten Anwendung sowie Analyse typischer Fehlanwendungen\u00a0<\/span><\/li><li style=\"font-weight: 400;\" aria-level=\"1\"><span style=\"font-weight: 400;\">Einordnung des Einsatzes endst\u00e4ndiger Sterilfilter im Wassersicherheitsplan als Bestandteil des Gesamtkonzeptes des Wassermanagements\u00a0<\/span><\/li><li style=\"font-weight: 400;\" aria-level=\"1\"><span style=\"font-weight: 400;\">Vorstellung fachlicher Empfehlungen und Richtlinien in Bezug auf endst\u00e4ndie Sterilfilter\u00a0<\/span><\/li><\/ul><p><span style=\"font-weight: 400;\">Abgrenzung der Leistung (nicht Bestandteil) sind u.a.\u00a0<\/span><\/p><ul><li style=\"font-weight: 400;\" aria-level=\"1\"><span style=\"font-weight: 400;\">Verkauf oder Vertrieb endst\u00e4ndiger Sterilfilter<\/span><\/li><li style=\"font-weight: 400;\" aria-level=\"1\"><span style=\"font-weight: 400;\">Produktempfehlungen oder Herstellervergleiche<\/span><\/li><li style=\"font-weight: 400;\" aria-level=\"1\"><span style=\"font-weight: 400;\">Auswahl konkreter Filter oder Anbieter<\/span><\/li><li style=\"font-weight: 400;\" aria-level=\"1\"><span style=\"font-weight: 400;\">Installation, \u00dcberwachung des Einsatzes oder Wechsel der Filter<\/span><\/li><li style=\"font-weight: 400;\" aria-level=\"1\"><span style=\"font-weight: 400;\">Freigabe, Anordnung oder Genehmigung von Ma\u00dfnahmen<\/span><\/li><li style=\"font-weight: 400;\" aria-level=\"1\"><span style=\"font-weight: 400;\">\u00dcbernahme von Betreiber-, Entscheidungs- oder Organisationsverantwortung<\/span><\/li><\/ul><p><span style=\"font-weight: 400;\">Die Umsetzung der Ma\u00dfnahmen sowie die Auswahl konkreter Produkte obliegen ausschlie\u00dflich dem Betreiber. <\/span><\/p>\t\t\t\t\t\t\t\t<\/div>\n\t\t\t\t<\/div>\n\t\t\t\t<div class=\"elementor-element elementor-element-c2bab5b elementor-widget elementor-widget-button\" data-id=\"c2bab5b\" data-element_type=\"widget\" data-widget_type=\"button.default\">\n\t\t\t\t<div class=\"elementor-widget-container\">\n\t\t\t\t\t\t\t\t\t<div class=\"elementor-button-wrapper\">\n\t\t\t\t\t<a class=\"elementor-button elementor-button-link elementor-size-sm\" href=\"https:\/\/www.drvickykatsemi.com\/en\/contact\/\">\n\t\t\t\t\t\t<span class=\"elementor-button-content-wrapper\">\n\t\t\t\t\t\t\t\t\t<span class=\"elementor-button-text\">Make an inquiry now<\/span>\n\t\t\t\t\t<\/span>\n\t\t\t\t\t<\/a>\n\t\t\t\t<\/div>\n\t\t\t\t\t\t\t\t<\/div>\n\t\t\t\t<\/div>\n\t\t\t\t\t<\/div>\n\t\t\t\t<\/div>\n\t\t<div class=\"elementor-element elementor-element-c3aefdb e-flex e-con-boxed e-con e-parent\" data-id=\"c3aefdb\" data-element_type=\"container\">\n\t\t\t\t\t<div class=\"e-con-inner\">\n\t\t\t\t<div class=\"elementor-element elementor-element-22788dc elementor-widget elementor-widget-text-editor\" data-id=\"22788dc\" data-element_type=\"widget\" data-widget_type=\"text-editor.default\">\n\t\t\t\t<div class=\"elementor-widget-container\">\n\t\t\t\t\t\t\t\t\t<h2>Ziel der fachlichen Einordnung\u00a0\u00a0\u00a0<\/h2><p><span style=\"font-weight: 400;\">Ziel unserer Leistung ist es, unabh\u00e4ngige Klarheit \u00fcber den Einsatz endst\u00e4ndiger Filter zu verschaffen, Risiken und Grenzen deren Einsatz nachvollziehbar aufzuzeigen und Fehlanwendungen zu vermeiden, die zu hygienischen oder organisatorischen Risiken f\u00fchren k\u00f6nnen.\u00a0<\/span><\/p><p><span style=\"font-weight: 400;\">Die fachliche Einordnung stellt keine technische Planung, keine Betreiberentscheidung und keine beh\u00f6rdliche Freigabe im Sinne der Trinkwasserverordnung dar.\u00a0<\/span><\/p><p><span style=\"font-weight: 400;\">M\u00f6chten Sie mehr \u00fcber den fachgerechten Einsatz endst\u00e4ndiger Sterilfilter erfahren oder ben\u00f6tigen Sie eine unabh\u00e4ngige fachliche Einordnung Ihres konkreten Anwendungsfalls?\u00a0<\/span><\/p><p><span style=\"font-weight: 400;\">Kontaktieren Sie uns gerne <\/span><a href=\"https:\/\/www.drvickykatsemi.com\/en\/contact\/\"><span style=\"font-weight: 400;\">here<\/span><\/a><span style=\"font-weight: 400;\">\u00a0<\/span><\/p><p><b>References\u00a0<\/b><\/p><ol><li style=\"font-weight: 400;\" aria-level=\"1\"><span style=\"font-weight: 400;\">Exner M. et al., \u201eGesundheitliche Bedeutung, Pr\u00e4vention und Kontrolle Wasser-assoziierter Pseudomonas aeruginosa-Infektionen\u201c, Deutsche Gesellschaft f\u00fcr Krankenhaushygiene (DGKH), Hyg Med 2016, 41 \u2013 Suppl. 2, 2016<\/span><\/li><li style=\"font-weight: 400;\" aria-level=\"1\"><span style=\"font-weight: 400;\">\u201eEmpfehlung des Umweltbundesamtes. Systemische Untersuchungen von Trinkwasser-Installationen auf Legionellen nach Trinkwasserverordnung \u2013 Probenahme, Untersuchungsgang und Angabe des Ergebnisses\u201c, Umweltbundesamt, 2018<\/span><\/li><li style=\"font-weight: 400;\" aria-level=\"1\"><span style=\"font-weight: 400;\">DVGW Arbeitsblatt W 551-4, \u201eVerh\u00fctung, Erkennung und Bek\u00e4mpfung von Kontaminationen mit <\/span><i><span style=\"font-weight: 400;\">Pseudomonas aeruginosa<\/span><\/i><span style=\"font-weight: 400;\">\u201c, 2024<\/span><\/li><li style=\"font-weight: 400;\" aria-level=\"1\"><span style=\"font-weight: 400;\">Technische Regel \u2013 Arbeitsblatt DVGW W 551 \u2013 2 (A) \u201eHygiene in der Trinkwasser-Installation \u2013 Teil 2: Hygienisch \u2013 mikrobielle Auff\u00e4lligkeiten; Methodik und Ma\u00dfnahmen zu deren Behebung\u201c, 2022\u00a0<\/span><\/li><li style=\"font-weight: 400;\" aria-level=\"1\"><span style=\"font-weight: 400;\">Empfehlung der Kommission f\u00fcr Krankenhaushygiene und Infektionspr\u00e4vention (KRINKO) beim Robert Koch-Institut, \u201eAnforderungen an die Infektionspr\u00e4vention bei der medizinischen Versorgung von immunsupprimierten Patienten\u201c, Bundesgesundheitsbl 64, 232-264, 2021<\/span><\/li><\/ol>\t\t\t\t\t\t\t\t<\/div>\n\t\t\t\t<\/div>\n\t\t\t\t<div class=\"elementor-element elementor-element-87df087 elementor-widget elementor-widget-button\" data-id=\"87df087\" data-element_type=\"widget\" data-widget_type=\"button.default\">\n\t\t\t\t<div class=\"elementor-widget-container\">\n\t\t\t\t\t\t\t\t\t<div class=\"elementor-button-wrapper\">\n\t\t\t\t\t<a class=\"elementor-button elementor-button-link elementor-size-sm\" href=\"https:\/\/www.drvickykatsemi.com\/en\/contact\/\">\n\t\t\t\t\t\t<span class=\"elementor-button-content-wrapper\">\n\t\t\t\t\t\t\t\t\t<span class=\"elementor-button-text\">Make an inquiry now<\/span>\n\t\t\t\t\t<\/span>\n\t\t\t\t\t<\/a>\n\t\t\t\t<\/div>\n\t\t\t\t\t\t\t\t<\/div>\n\t\t\t\t<\/div>\n\t\t\t\t\t<\/div>\n\t\t\t\t<\/div>\n\t\t\t\t<\/div>","protected":false},"excerpt":{"rendered":"<p>Fachliche Einordnung und hygienische Aspekte endst\u00e4ndiger Sterilfilter in Trinkwasserinstallationen Endst\u00e4ndige Sterilfilter geh\u00f6ren zu den am besten dokumentierten Ma\u00dfnahmen zur Infektionspr\u00e4vention vor wasserassoziierten Mikroorganismen, wie Legionella, Pseudomonas aeruginosa, Mykobakterien und Pilzen.\u00a0 Unter definierten Bedingungen werden endst\u00e4ndige Sterilfilter seit &gt; 20 Jahren u.a. vom Umweltbundesamt (UBA), der Kommission f\u00fcr Krankenhaushygiene und Infektionspr\u00e4vention (KRINKO), der Deutschen Gesellschaft f\u00fcr [&hellip;]<\/p>","protected":false},"author":2,"featured_media":0,"parent":1319,"menu_order":0,"comment_status":"closed","ping_status":"closed","template":"","meta":{"site-sidebar-layout":"no-sidebar","site-content-layout":"page-builder","ast-site-content-layout":"","site-content-style":"default","site-sidebar-style":"default","ast-global-header-display":"","ast-banner-title-visibility":"","ast-main-header-display":"","ast-hfb-above-header-display":"","ast-hfb-below-header-display":"","ast-hfb-mobile-header-display":"","site-post-title":"disabled","ast-breadcrumbs-content":"","ast-featured-img":"disabled","footer-sml-layout":"","theme-transparent-header-meta":"enabled","adv-header-id-meta":"","stick-header-meta":"","header-above-stick-meta":"","header-main-stick-meta":"","header-below-stick-meta":"","astra-migrate-meta-layouts":"default","ast-page-background-enabled":"default","ast-page-background-meta":{"desktop":{"background-color":"var(--ast-global-color-4)","background-image":"","background-repeat":"repeat","background-position":"center center","background-size":"auto","background-attachment":"scroll","background-type":"","background-media":"","overlay-type":"","overlay-color":"","overlay-opacity":"","overlay-gradient":""},"tablet":{"background-color":"","background-image":"","background-repeat":"repeat","background-position":"center center","background-size":"auto","background-attachment":"scroll","background-type":"","background-media":"","overlay-type":"","overlay-color":"","overlay-opacity":"","overlay-gradient":""},"mobile":{"background-color":"","background-image":"","background-repeat":"repeat","background-position":"center center","background-size":"auto","background-attachment":"scroll","background-type":"","background-media":"","overlay-type":"","overlay-color":"","overlay-opacity":"","overlay-gradient":""}},"ast-content-background-meta":{"desktop":{"background-color":"var(--ast-global-color-5)","background-image":"","background-repeat":"repeat","background-position":"center center","background-size":"auto","background-attachment":"scroll","background-type":"","background-media":"","overlay-type":"","overlay-color":"","overlay-opacity":"","overlay-gradient":""},"tablet":{"background-color":"var(--ast-global-color-5)","background-image":"","background-repeat":"repeat","background-position":"center center","background-size":"auto","background-attachment":"scroll","background-type":"","background-media":"","overlay-type":"","overlay-color":"","overlay-opacity":"","overlay-gradient":""},"mobile":{"background-color":"var(--ast-global-color-5)","background-image":"","background-repeat":"repeat","background-position":"center center","background-size":"auto","background-attachment":"scroll","background-type":"","background-media":"","overlay-type":"","overlay-color":"","overlay-opacity":"","overlay-gradient":""}},"footnotes":""},"class_list":["post-5066","page","type-page","status-publish","hentry"],"yoast_head":"<!-- This site is optimized with the Yoast SEO plugin v24.5 - https:\/\/yoast.com\/wordpress\/plugins\/seo\/ -->\n<title>Fachliche Einordnung und hygienische Aspekte endst\u00e4ndiger Sterilfilter in Trinkwasserinstallationen - Dr. Vicky Katsemi Wasserhygiene &amp; Mikrobiologie<\/title>\n<meta name=\"robots\" content=\"index, follow, max-snippet:-1, max-image-preview:large, max-video-preview:-1\" \/>\n<link rel=\"canonical\" href=\"https:\/\/www.drvickykatsemi.com\/en\/services\/fachliche-einordnung-und-hygienische-aspekte-endstaendiger-sterilfilter-in-trinkwasserinstallationen\/\" \/>\n<meta property=\"og:locale\" content=\"en_US\" \/>\n<meta property=\"og:type\" content=\"article\" \/>\n<meta property=\"og:title\" content=\"Fachliche Einordnung und hygienische Aspekte endst\u00e4ndiger Sterilfilter in Trinkwasserinstallationen - Dr. Vicky Katsemi Wasserhygiene &amp; Mikrobiologie\" \/>\n<meta property=\"og:description\" content=\"Fachliche Einordnung und hygienische Aspekte endst\u00e4ndiger Sterilfilter in Trinkwasserinstallationen Endst\u00e4ndige Sterilfilter geh\u00f6ren zu den am besten dokumentierten Ma\u00dfnahmen zur Infektionspr\u00e4vention vor wasserassoziierten Mikroorganismen, wie Legionella, Pseudomonas aeruginosa, Mykobakterien und Pilzen.\u00a0 Unter definierten Bedingungen werden endst\u00e4ndige Sterilfilter seit &gt; 20 Jahren u.a. vom Umweltbundesamt (UBA), der Kommission f\u00fcr Krankenhaushygiene und Infektionspr\u00e4vention (KRINKO), der Deutschen Gesellschaft f\u00fcr [&hellip;]\" \/>\n<meta property=\"og:url\" content=\"https:\/\/www.drvickykatsemi.com\/en\/services\/fachliche-einordnung-und-hygienische-aspekte-endstaendiger-sterilfilter-in-trinkwasserinstallationen\/\" \/>\n<meta property=\"og:site_name\" content=\"Dr. Vicky Katsemi Wasserhygiene &amp; Mikrobiologie\" \/>\n<meta property=\"article:modified_time\" content=\"2026-01-23T12:26:33+00:00\" \/>\n<meta name=\"twitter:card\" content=\"summary_large_image\" \/>\n<meta name=\"twitter:label1\" content=\"Est. reading time\" \/>\n\t<meta name=\"twitter:data1\" content=\"3 minutes\" \/>\n<script type=\"application\/ld+json\" class=\"yoast-schema-graph\">{\"@context\":\"https:\/\/schema.org\",\"@graph\":[{\"@type\":\"WebPage\",\"@id\":\"https:\/\/www.drvickykatsemi.com\/services\/fachliche-einordnung-und-hygienische-aspekte-endstaendiger-sterilfilter-in-trinkwasserinstallationen\/\",\"url\":\"https:\/\/www.drvickykatsemi.com\/services\/fachliche-einordnung-und-hygienische-aspekte-endstaendiger-sterilfilter-in-trinkwasserinstallationen\/\",\"name\":\"Fachliche Einordnung und hygienische Aspekte endst\u00e4ndiger Sterilfilter in Trinkwasserinstallationen - Dr. Vicky Katsemi Wasserhygiene &amp; Mikrobiologie\",\"isPartOf\":{\"@id\":\"https:\/\/www.drvickykatsemi.com\/#website\"},\"datePublished\":\"2026-01-23T12:10:51+00:00\",\"dateModified\":\"2026-01-23T12:26:33+00:00\",\"breadcrumb\":{\"@id\":\"https:\/\/www.drvickykatsemi.com\/services\/fachliche-einordnung-und-hygienische-aspekte-endstaendiger-sterilfilter-in-trinkwasserinstallationen\/#breadcrumb\"},\"inLanguage\":\"en-US\",\"potentialAction\":[{\"@type\":\"ReadAction\",\"target\":[\"https:\/\/www.drvickykatsemi.com\/services\/fachliche-einordnung-und-hygienische-aspekte-endstaendiger-sterilfilter-in-trinkwasserinstallationen\/\"]}]},{\"@type\":\"BreadcrumbList\",\"@id\":\"https:\/\/www.drvickykatsemi.com\/services\/fachliche-einordnung-und-hygienische-aspekte-endstaendiger-sterilfilter-in-trinkwasserinstallationen\/#breadcrumb\",\"itemListElement\":[{\"@type\":\"ListItem\",\"position\":1,\"name\":\"Startseite\",\"item\":\"https:\/\/www.drvickykatsemi.com\/\"},{\"@type\":\"ListItem\",\"position\":2,\"name\":\"Services\",\"item\":\"https:\/\/www.drvickykatsemi.com\/services\/\"},{\"@type\":\"ListItem\",\"position\":3,\"name\":\"Fachliche Einordnung und hygienische Aspekte endst\u00e4ndiger Sterilfilter in Trinkwasserinstallationen\"}]},{\"@type\":\"WebSite\",\"@id\":\"https:\/\/www.drvickykatsemi.com\/#website\",\"url\":\"https:\/\/www.drvickykatsemi.com\/\",\"name\":\"Dr. Vicky Katsemi Wasserhygiene & Mikrobiologie\",\"description\":\"Katsemi Wasserhygiene &amp; Mikrobiologie\",\"publisher\":{\"@id\":\"https:\/\/www.drvickykatsemi.com\/#organization\"},\"alternateName\":\"Katsemi Wasserhygiene & Mikrobiologie\",\"potentialAction\":[{\"@type\":\"SearchAction\",\"target\":{\"@type\":\"EntryPoint\",\"urlTemplate\":\"https:\/\/www.drvickykatsemi.com\/?s={search_term_string}\"},\"query-input\":{\"@type\":\"PropertyValueSpecification\",\"valueRequired\":true,\"valueName\":\"search_term_string\"}}],\"inLanguage\":\"en-US\"},{\"@type\":\"Organization\",\"@id\":\"https:\/\/www.drvickykatsemi.com\/#organization\",\"name\":\"Dr. Vicky Katsemi Wasserhygiene & Mikrobiologie\",\"url\":\"https:\/\/www.drvickykatsemi.com\/\",\"logo\":{\"@type\":\"ImageObject\",\"inLanguage\":\"en-US\",\"@id\":\"https:\/\/www.drvickykatsemi.com\/#\/schema\/logo\/image\/\",\"url\":\"https:\/\/www.drvickykatsemi.com\/wp-content\/uploads\/2025\/09\/cropped-Dr-Vicky-Katsemi-Logo-1.png\",\"contentUrl\":\"https:\/\/www.drvickykatsemi.com\/wp-content\/uploads\/2025\/09\/cropped-Dr-Vicky-Katsemi-Logo-1.png\",\"width\":774,\"height\":484,\"caption\":\"Dr. Vicky Katsemi Wasserhygiene & Mikrobiologie\"},\"image\":{\"@id\":\"https:\/\/www.drvickykatsemi.com\/#\/schema\/logo\/image\/\"},\"sameAs\":[\"https:\/\/de.linkedin.com\/in\/vicky-katsemi-phd-mba-999551148\"]}]}<\/script>\n<!-- \/ Yoast SEO plugin. -->","yoast_head_json":{"title":"Fachliche Einordnung und hygienische Aspekte endst\u00e4ndiger Sterilfilter in Trinkwasserinstallationen - Dr. Vicky Katsemi Wasserhygiene &amp; Mikrobiologie","robots":{"index":"index","follow":"follow","max-snippet":"max-snippet:-1","max-image-preview":"max-image-preview:large","max-video-preview":"max-video-preview:-1"},"canonical":"https:\/\/www.drvickykatsemi.com\/en\/services\/fachliche-einordnung-und-hygienische-aspekte-endstaendiger-sterilfilter-in-trinkwasserinstallationen\/","og_locale":"en_US","og_type":"article","og_title":"Fachliche Einordnung und hygienische Aspekte endst\u00e4ndiger Sterilfilter in Trinkwasserinstallationen - Dr. Vicky Katsemi Wasserhygiene &amp; Mikrobiologie","og_description":"Fachliche Einordnung und hygienische Aspekte endst\u00e4ndiger Sterilfilter in Trinkwasserinstallationen Endst\u00e4ndige Sterilfilter geh\u00f6ren zu den am besten dokumentierten Ma\u00dfnahmen zur Infektionspr\u00e4vention vor wasserassoziierten Mikroorganismen, wie Legionella, Pseudomonas aeruginosa, Mykobakterien und Pilzen.\u00a0 Unter definierten Bedingungen werden endst\u00e4ndige Sterilfilter seit &gt; 20 Jahren u.a. vom Umweltbundesamt (UBA), der Kommission f\u00fcr Krankenhaushygiene und Infektionspr\u00e4vention (KRINKO), der Deutschen Gesellschaft f\u00fcr [&hellip;]","og_url":"https:\/\/www.drvickykatsemi.com\/en\/services\/fachliche-einordnung-und-hygienische-aspekte-endstaendiger-sterilfilter-in-trinkwasserinstallationen\/","og_site_name":"Dr. Vicky Katsemi Wasserhygiene &amp; Mikrobiologie","article_modified_time":"2026-01-23T12:26:33+00:00","twitter_card":"summary_large_image","twitter_misc":{"Est. reading time":"3 minutes"},"schema":{"@context":"https:\/\/schema.org","@graph":[{"@type":"WebPage","@id":"https:\/\/www.drvickykatsemi.com\/services\/fachliche-einordnung-und-hygienische-aspekte-endstaendiger-sterilfilter-in-trinkwasserinstallationen\/","url":"https:\/\/www.drvickykatsemi.com\/services\/fachliche-einordnung-und-hygienische-aspekte-endstaendiger-sterilfilter-in-trinkwasserinstallationen\/","name":"Fachliche Einordnung und hygienische Aspekte endst\u00e4ndiger Sterilfilter in Trinkwasserinstallationen - Dr. Vicky Katsemi Wasserhygiene &amp; Mikrobiologie","isPartOf":{"@id":"https:\/\/www.drvickykatsemi.com\/#website"},"datePublished":"2026-01-23T12:10:51+00:00","dateModified":"2026-01-23T12:26:33+00:00","breadcrumb":{"@id":"https:\/\/www.drvickykatsemi.com\/services\/fachliche-einordnung-und-hygienische-aspekte-endstaendiger-sterilfilter-in-trinkwasserinstallationen\/#breadcrumb"},"inLanguage":"en-US","potentialAction":[{"@type":"ReadAction","target":["https:\/\/www.drvickykatsemi.com\/services\/fachliche-einordnung-und-hygienische-aspekte-endstaendiger-sterilfilter-in-trinkwasserinstallationen\/"]}]},{"@type":"BreadcrumbList","@id":"https:\/\/www.drvickykatsemi.com\/services\/fachliche-einordnung-und-hygienische-aspekte-endstaendiger-sterilfilter-in-trinkwasserinstallationen\/#breadcrumb","itemListElement":[{"@type":"ListItem","position":1,"name":"Startseite","item":"https:\/\/www.drvickykatsemi.com\/"},{"@type":"ListItem","position":2,"name":"Services","item":"https:\/\/www.drvickykatsemi.com\/services\/"},{"@type":"ListItem","position":3,"name":"Fachliche Einordnung und hygienische Aspekte endst\u00e4ndiger Sterilfilter in Trinkwasserinstallationen"}]},{"@type":"WebSite","@id":"https:\/\/www.drvickykatsemi.com\/#website","url":"https:\/\/www.drvickykatsemi.com\/","name":"Dr. Vicky Katsemi Wasserhygiene & Mikrobiologie","description":"Katsemi Wasserhygiene &amp; Mikrobiologie","publisher":{"@id":"https:\/\/www.drvickykatsemi.com\/#organization"},"alternateName":"Katsemi Wasserhygiene & Mikrobiologie","potentialAction":[{"@type":"SearchAction","target":{"@type":"EntryPoint","urlTemplate":"https:\/\/www.drvickykatsemi.com\/?s={search_term_string}"},"query-input":{"@type":"PropertyValueSpecification","valueRequired":true,"valueName":"search_term_string"}}],"inLanguage":"en-US"},{"@type":"Organization","@id":"https:\/\/www.drvickykatsemi.com\/#organization","name":"Dr. Vicky Katsemi Wasserhygiene & Mikrobiologie","url":"https:\/\/www.drvickykatsemi.com\/","logo":{"@type":"ImageObject","inLanguage":"en-US","@id":"https:\/\/www.drvickykatsemi.com\/#\/schema\/logo\/image\/","url":"https:\/\/www.drvickykatsemi.com\/wp-content\/uploads\/2025\/09\/cropped-Dr-Vicky-Katsemi-Logo-1.png","contentUrl":"https:\/\/www.drvickykatsemi.com\/wp-content\/uploads\/2025\/09\/cropped-Dr-Vicky-Katsemi-Logo-1.png","width":774,"height":484,"caption":"Dr. Vicky Katsemi Wasserhygiene & Mikrobiologie"},"image":{"@id":"https:\/\/www.drvickykatsemi.com\/#\/schema\/logo\/image\/"},"sameAs":["https:\/\/de.linkedin.com\/in\/vicky-katsemi-phd-mba-999551148"]}]}},"_links":{"self":[{"href":"https:\/\/www.drvickykatsemi.com\/en\/wp-json\/wp\/v2\/pages\/5066","targetHints":{"allow":["GET"]}}],"collection":[{"href":"https:\/\/www.drvickykatsemi.com\/en\/wp-json\/wp\/v2\/pages"}],"about":[{"href":"https:\/\/www.drvickykatsemi.com\/en\/wp-json\/wp\/v2\/types\/page"}],"author":[{"embeddable":true,"href":"https:\/\/www.drvickykatsemi.com\/en\/wp-json\/wp\/v2\/users\/2"}],"replies":[{"embeddable":true,"href":"https:\/\/www.drvickykatsemi.com\/en\/wp-json\/wp\/v2\/comments?post=5066"}],"version-history":[{"count":10,"href":"https:\/\/www.drvickykatsemi.com\/en\/wp-json\/wp\/v2\/pages\/5066\/revisions"}],"predecessor-version":[{"id":5083,"href":"https:\/\/www.drvickykatsemi.com\/en\/wp-json\/wp\/v2\/pages\/5066\/revisions\/5083"}],"up":[{"embeddable":true,"href":"https:\/\/www.drvickykatsemi.com\/en\/wp-json\/wp\/v2\/pages\/1319"}],"wp:attachment":[{"href":"https:\/\/www.drvickykatsemi.com\/en\/wp-json\/wp\/v2\/media?parent=5066"}],"curies":[{"name":"wp","href":"https:\/\/api.w.org\/{rel}","templated":true}]}}