{"id":4510,"date":"2026-01-06T12:04:58","date_gmt":"2026-01-06T11:04:58","guid":{"rendered":"https:\/\/www.drvickykatsemi.com\/?page_id=4510"},"modified":"2026-01-06T12:15:33","modified_gmt":"2026-01-06T11:15:33","slug":"congress-oft-he-european-society-of-clinical-microbiology-and-infectious-diseases","status":"publish","type":"page","link":"https:\/\/www.drvickykatsemi.com\/el\/congress-oft-he-european-society-of-clinical-microbiology-and-infectious-diseases\/","title":{"rendered":"Congress oft he European Society of Clinical Microbiology and Infectious Diseases"},"content":{"rendered":"<div data-elementor-type=\"wp-page\" data-elementor-id=\"4510\" class=\"elementor elementor-4510\">\n\t\t\t\t\t\t<section class=\"elementor-section elementor-top-section elementor-element elementor-element-761af23 elementor-section-height-min-height elementor-section-boxed elementor-section-height-default elementor-section-items-middle\" data-id=\"761af23\" data-element_type=\"section\" data-settings=\"{&quot;background_background&quot;:&quot;classic&quot;}\">\n\t\t\t\t\t\t<div class=\"elementor-container elementor-column-gap-default\">\n\t\t\t\t\t<div class=\"elementor-column elementor-col-100 elementor-top-column elementor-element elementor-element-60aeb98\" data-id=\"60aeb98\" data-element_type=\"column\">\n\t\t\t<div class=\"elementor-widget-wrap elementor-element-populated\">\n\t\t\t\t\t\t<div class=\"elementor-element elementor-element-6ca025b elementor-widget elementor-widget-heading\" data-id=\"6ca025b\" data-element_type=\"widget\" data-widget_type=\"heading.default\">\n\t\t\t\t<div class=\"elementor-widget-container\">\n\t\t\t\t\t<h1 class=\"elementor-heading-title elementor-size-default\">Congress oft he European Society of Clinical Microbiology and Infectious Diseases<\/h1>\t\t\t\t<\/div>\n\t\t\t\t<\/div>\n\t\t\t\t\t<\/div>\n\t\t<\/div>\n\t\t\t\t\t<\/div>\n\t\t<\/section>\n\t\t<div class=\"elementor-element elementor-element-c64cf38 e-flex e-con-boxed e-con e-parent\" data-id=\"c64cf38\" data-element_type=\"container\">\n\t\t\t\t\t<div class=\"e-con-inner\">\n\t\t\t\t<div class=\"elementor-element elementor-element-b8e85db elementor-widget elementor-widget-heading\" data-id=\"b8e85db\" data-element_type=\"widget\" data-widget_type=\"heading.default\">\n\t\t\t\t<div class=\"elementor-widget-container\">\n\t\t\t\t\t<h2 class=\"elementor-heading-title elementor-size-default\">Programmbeschreibung<\/h2>\t\t\t\t<\/div>\n\t\t\t\t<\/div>\n\t\t\t\t<div class=\"elementor-element elementor-element-9a56e58 elementor-widget elementor-widget-text-editor\" data-id=\"9a56e58\" data-element_type=\"widget\" data-widget_type=\"text-editor.default\">\n\t\t\t\t<div class=\"elementor-widget-container\">\n\t\t\t\t\t\t\t\t\t<p>Der diesj\u00e4hrige ESCMID Global findet vom Freitag, 17. April, bis Dienstag, 21. April 2026 in M\u00fcnchen statt.<\/p><p>\u00a0<\/p><p>Ich habe die Ehre, beim ESCMID Global 2026 am Montag, den 20. April 2026, in der 08.30 \u2013 10.30 Uhr Session \u00fcber Ingenieur- und Planungsaspekte von Wassersystemen zur Sicherstellung einer sicheren Patientenversorgung vorzutragen.<\/p>\t\t\t\t\t\t\t\t<\/div>\n\t\t\t\t<\/div>\n\t\t\t\t<div class=\"elementor-element elementor-element-f1c3b28 elementor-widget elementor-widget-heading\" data-id=\"f1c3b28\" data-element_type=\"widget\" data-widget_type=\"heading.default\">\n\t\t\t\t<div class=\"elementor-widget-container\">\n\t\t\t\t\t<h3 class=\"elementor-heading-title elementor-size-default\">Allgemeine Informationen<\/h3>\t\t\t\t<\/div>\n\t\t\t\t<\/div>\n\t\t\t\t<div class=\"elementor-element elementor-element-352c2d8 elementor-widget__width-initial elementor-widget elementor-widget-text-editor\" data-id=\"352c2d8\" data-element_type=\"widget\" data-widget_type=\"text-editor.default\">\n\t\t\t\t<div class=\"elementor-widget-container\">\n\t\t\t\t\t\t\t\t\t<p><strong>Kongress:<\/strong> ESCMID Global<br \/><strong>Datum:<\/strong> Montag, 20. April 2026<br \/><strong>Session:<\/strong> \u201eIntegrating IPC into hospital design: a collaborative approach to safer hospitals\u201c<br \/><strong>Uhrzeit:<\/strong> 08.30 \u2013 10.30 Uhr<br \/><strong>Titel des Vortrags:<\/strong> \u201eConsult your water hygienist: engineering and planning aspects of water systems for safer patient care\u201c<\/p><p>\u00a0<\/p><p>Trinkwasser und Abwasser sind etablierte und gut dokumentierte Infektionsreservoirs f\u00fcr wasserassoziierte Mikroorganismen, wie Legionella spp., Pseudomonas aeruginosa, Aspergillus fumigatus, Klebsiella spp. und weitere Erreger. Neben der zentralen Trinkwasserinstallation kommt insbesondere den Entnahmestellen \u2013 Waschbecken und Duschen \u2013 eine zentrale Bedeutung f\u00fcr die \u00dcbertragung wasserassoziierter Mikroorganismen zu.<\/p><p>\u00a0<\/p><p>Planung und Gestaltung der Versorgungsbereiche haben dabei einen entscheidenden Einfluss auf das Infektionsrisiko. Aspekte, wie Raumkonzept, Positionierung und Abstand der Waschstelle zum Patientenbett und zu Arbeitsfl\u00e4chen, der Aktivit\u00e4tsbereich zwischen Auslass und Ablauf, das Design der Entnahmestelle sowie Nutzungsfrequenz und -verhalten sind integrale Bestandteile eines effektiven Wassermanagements.<\/p><p>\u00a0<\/p><p>Der Vortrag gibt einen strukturierten \u00dcberblick \u00fcber die wesentlichen planerischen und technischen Faktoren, die die Trinkwasserqualit\u00e4t in priorit\u00e4ren Einrichtungen beeinflussen. Internationale gesetzliche Anforderungen, technische Regelwerke und Empfehlungen unterscheiden sich teils erheblich und sind nicht immer konsistent. Gemeinsam ist ihnen jedoch ein zentrales Ziel Die nachhaltige Sicherstellung der Trinkwasserqualit\u00e4t und die Minimierung wasserassoziierter Infektionsrisiken f\u00fcr Patientinnen und Patienten.<\/p><p>\u00a0<\/p><p>Relevante gesetzliche Vorgaben, technische Regelwerke und Empfehlungen werden ebenfalls vorgestellt und diskutiert \u2013 mit besonderem Fokus auf ihre praktische Umsetzung im klinischen Alltag.<\/p><p>\u00a0<\/p><p>Ich freue mich darauf, Sie in dieser Session zu begr\u00fc\u00dfen und gemeinsam mit Ihnen konkrete Herausforderungen und Fragestellungen aus der Praxis der Trinkwasserhygiene zu diskutieren.\u00a0<\/p><p>\u00a0<\/p><p><span style=\"text-decoration: underline;\">Mehr Informationen und Anmeldung:<\/span><br \/><a href=\"https:\/\/www.escmid.org\/congress-events\/escmid-global\/munich-2026\/\" target=\"_blank\" rel=\"noopener\">https:\/\/www.escmid.org\/congress-events\/escmid-global\/munich-2026\/<\/a><\/p>\t\t\t\t\t\t\t\t<\/div>\n\t\t\t\t<\/div>\n\t\t\t\t\t<\/div>\n\t\t\t\t<\/div>\n\t\t\t\t<\/div>","protected":false},"excerpt":{"rendered":"<p>Congress oft he European Society of Clinical Microbiology and Infectious Diseases Programmbeschreibung Der diesj\u00e4hrige ESCMID Global findet vom Freitag, 17. April, bis Dienstag, 21. April 2026 in M\u00fcnchen statt. \u00a0 Ich habe die Ehre, beim ESCMID Global 2026 am Montag, den 20. April 2026, in der 08.30 \u2013 10.30 Uhr Session \u00fcber Ingenieur- und Planungsaspekte [&hellip;]<\/p>","protected":false},"author":2,"featured_media":0,"parent":0,"menu_order":0,"comment_status":"closed","ping_status":"closed","template":"","meta":{"site-sidebar-layout":"no-sidebar","site-content-layout":"page-builder","ast-site-content-layout":"","site-content-style":"default","site-sidebar-style":"default","ast-global-header-display":"","ast-banner-title-visibility":"","ast-main-header-display":"","ast-hfb-above-header-display":"","ast-hfb-below-header-display":"","ast-hfb-mobile-header-display":"","site-post-title":"disabled","ast-breadcrumbs-content":"","ast-featured-img":"disabled","footer-sml-layout":"","theme-transparent-header-meta":"enabled","adv-header-id-meta":"","stick-header-meta":"","header-above-stick-meta":"","header-main-stick-meta":"","header-below-stick-meta":"","astra-migrate-meta-layouts":"default","ast-page-background-enabled":"default","ast-page-background-meta":{"desktop":{"background-color":"var(--ast-global-color-4)","background-image":"","background-repeat":"repeat","background-position":"center center","background-size":"auto","background-attachment":"scroll","background-type":"","background-media":"","overlay-type":"","overlay-color":"","overlay-opacity":"","overlay-gradient":""},"tablet":{"background-color":"","background-image":"","background-repeat":"repeat","background-position":"center center","background-size":"auto","background-attachment":"scroll","background-type":"","background-media":"","overlay-type":"","overlay-color":"","overlay-opacity":"","overlay-gradient":""},"mobile":{"background-color":"","background-image":"","background-repeat":"repeat","background-position":"center center","background-size":"auto","background-attachment":"scroll","background-type":"","background-media":"","overlay-type":"","overlay-color":"","overlay-opacity":"","overlay-gradient":""}},"ast-content-background-meta":{"desktop":{"background-color":"var(--ast-global-color-5)","background-image":"","background-repeat":"repeat","background-position":"center center","background-size":"auto","background-attachment":"scroll","background-type":"","background-media":"","overlay-type":"","overlay-color":"","overlay-opacity":"","overlay-gradient":""},"tablet":{"background-color":"var(--ast-global-color-5)","background-image":"","background-repeat":"repeat","background-position":"center center","background-size":"auto","background-attachment":"scroll","background-type":"","background-media":"","overlay-type":"","overlay-color":"","overlay-opacity":"","overlay-gradient":""},"mobile":{"background-color":"var(--ast-global-color-5)","background-image":"","background-repeat":"repeat","background-position":"center center","background-size":"auto","background-attachment":"scroll","background-type":"","background-media":"","overlay-type":"","overlay-color":"","overlay-opacity":"","overlay-gradient":""}},"footnotes":""},"class_list":["post-4510","page","type-page","status-publish","hentry"],"yoast_head":"<!-- This site is optimized with the Yoast SEO plugin v24.5 - https:\/\/yoast.com\/wordpress\/plugins\/seo\/ -->\n<title>Congress oft he European Society of Clinical Microbiology and Infectious Diseases - Dr. Vicky Katsemi Wasserhygiene &amp; Mikrobiologie<\/title>\n<meta name=\"description\" content=\"Trinkwasserverordnung 2023: Online Seminar f\u00fcr Geb\u00e4udebetreiber und Immobilienbesitzer. Neue Anforderungen und wie sie erf\u00fcllt werden k\u00f6nnen.\" \/>\n<meta name=\"robots\" content=\"index, follow, max-snippet:-1, max-image-preview:large, max-video-preview:-1\" \/>\n<link rel=\"canonical\" href=\"https:\/\/www.drvickykatsemi.com\/el\/congress-oft-he-european-society-of-clinical-microbiology-and-infectious-diseases\/\" \/>\n<meta property=\"og:locale\" content=\"el_GR\" \/>\n<meta property=\"og:type\" content=\"article\" \/>\n<meta property=\"og:title\" content=\"Congress oft he European Society of Clinical Microbiology and Infectious Diseases - Dr. Vicky Katsemi Wasserhygiene &amp; Mikrobiologie\" \/>\n<meta property=\"og:description\" content=\"Trinkwasserverordnung 2023: Online Seminar f\u00fcr Geb\u00e4udebetreiber und Immobilienbesitzer. Neue Anforderungen und wie sie erf\u00fcllt werden k\u00f6nnen.\" \/>\n<meta property=\"og:url\" content=\"https:\/\/www.drvickykatsemi.com\/el\/congress-oft-he-european-society-of-clinical-microbiology-and-infectious-diseases\/\" \/>\n<meta property=\"og:site_name\" content=\"Dr. Vicky Katsemi Wasserhygiene &amp; Mikrobiologie\" \/>\n<meta property=\"article:modified_time\" content=\"2026-01-06T11:15:33+00:00\" \/>\n<meta name=\"twitter:card\" content=\"summary_large_image\" \/>\n<meta name=\"twitter:label1\" content=\"\u0395\u03ba\u03c4\u03b9\u03bc\u03ce\u03bc\u03b5\u03bd\u03bf\u03c2 \u03c7\u03c1\u03cc\u03bd\u03bf\u03c2 \u03b1\u03bd\u03ac\u03b3\u03bd\u03c9\u03c3\u03b7\u03c2\" \/>\n\t<meta name=\"twitter:data1\" content=\"2 \u03bb\u03b5\u03c0\u03c4\u03ac\" \/>\n<script type=\"application\/ld+json\" class=\"yoast-schema-graph\">{\"@context\":\"https:\/\/schema.org\",\"@graph\":[{\"@type\":\"WebPage\",\"@id\":\"https:\/\/www.drvickykatsemi.com\/congress-oft-he-european-society-of-clinical-microbiology-and-infectious-diseases\/\",\"url\":\"https:\/\/www.drvickykatsemi.com\/congress-oft-he-european-society-of-clinical-microbiology-and-infectious-diseases\/\",\"name\":\"Congress oft he European Society of Clinical Microbiology and Infectious Diseases - Dr. Vicky Katsemi Wasserhygiene &amp; Mikrobiologie\",\"isPartOf\":{\"@id\":\"https:\/\/www.drvickykatsemi.com\/#website\"},\"datePublished\":\"2026-01-06T11:04:58+00:00\",\"dateModified\":\"2026-01-06T11:15:33+00:00\",\"description\":\"Trinkwasserverordnung 2023: Online Seminar f\u00fcr Geb\u00e4udebetreiber und Immobilienbesitzer. Neue Anforderungen und wie sie erf\u00fcllt werden k\u00f6nnen.\",\"breadcrumb\":{\"@id\":\"https:\/\/www.drvickykatsemi.com\/congress-oft-he-european-society-of-clinical-microbiology-and-infectious-diseases\/#breadcrumb\"},\"inLanguage\":\"el\",\"potentialAction\":[{\"@type\":\"ReadAction\",\"target\":[\"https:\/\/www.drvickykatsemi.com\/congress-oft-he-european-society-of-clinical-microbiology-and-infectious-diseases\/\"]}]},{\"@type\":\"BreadcrumbList\",\"@id\":\"https:\/\/www.drvickykatsemi.com\/congress-oft-he-european-society-of-clinical-microbiology-and-infectious-diseases\/#breadcrumb\",\"itemListElement\":[{\"@type\":\"ListItem\",\"position\":1,\"name\":\"Startseite\",\"item\":\"https:\/\/www.drvickykatsemi.com\/\"},{\"@type\":\"ListItem\",\"position\":2,\"name\":\"Congress oft he European Society of Clinical Microbiology and Infectious Diseases\"}]},{\"@type\":\"WebSite\",\"@id\":\"https:\/\/www.drvickykatsemi.com\/#website\",\"url\":\"https:\/\/www.drvickykatsemi.com\/\",\"name\":\"Dr. Vicky Katsemi Wasserhygiene & Mikrobiologie\",\"description\":\"Katsemi Wasserhygiene &amp; Mikrobiologie\",\"publisher\":{\"@id\":\"https:\/\/www.drvickykatsemi.com\/#organization\"},\"alternateName\":\"Katsemi Wasserhygiene & Mikrobiologie\",\"potentialAction\":[{\"@type\":\"SearchAction\",\"target\":{\"@type\":\"EntryPoint\",\"urlTemplate\":\"https:\/\/www.drvickykatsemi.com\/?s={search_term_string}\"},\"query-input\":{\"@type\":\"PropertyValueSpecification\",\"valueRequired\":true,\"valueName\":\"search_term_string\"}}],\"inLanguage\":\"el\"},{\"@type\":\"Organization\",\"@id\":\"https:\/\/www.drvickykatsemi.com\/#organization\",\"name\":\"Dr. Vicky Katsemi Wasserhygiene & Mikrobiologie\",\"url\":\"https:\/\/www.drvickykatsemi.com\/\",\"logo\":{\"@type\":\"ImageObject\",\"inLanguage\":\"el\",\"@id\":\"https:\/\/www.drvickykatsemi.com\/#\/schema\/logo\/image\/\",\"url\":\"https:\/\/www.drvickykatsemi.com\/wp-content\/uploads\/2025\/09\/cropped-Dr-Vicky-Katsemi-Logo-1.png\",\"contentUrl\":\"https:\/\/www.drvickykatsemi.com\/wp-content\/uploads\/2025\/09\/cropped-Dr-Vicky-Katsemi-Logo-1.png\",\"width\":774,\"height\":484,\"caption\":\"Dr. Vicky Katsemi Wasserhygiene & Mikrobiologie\"},\"image\":{\"@id\":\"https:\/\/www.drvickykatsemi.com\/#\/schema\/logo\/image\/\"},\"sameAs\":[\"https:\/\/de.linkedin.com\/in\/vicky-katsemi-phd-mba-999551148\"]}]}<\/script>\n<!-- \/ Yoast SEO plugin. -->","yoast_head_json":{"title":"Congress oft he European Society of Clinical Microbiology and Infectious Diseases - Dr. Vicky Katsemi Wasserhygiene &amp; Mikrobiologie","description":"Trinkwasserverordnung 2023: Online Seminar f\u00fcr Geb\u00e4udebetreiber und Immobilienbesitzer. Neue Anforderungen und wie sie erf\u00fcllt werden k\u00f6nnen.","robots":{"index":"index","follow":"follow","max-snippet":"max-snippet:-1","max-image-preview":"max-image-preview:large","max-video-preview":"max-video-preview:-1"},"canonical":"https:\/\/www.drvickykatsemi.com\/el\/congress-oft-he-european-society-of-clinical-microbiology-and-infectious-diseases\/","og_locale":"el_GR","og_type":"article","og_title":"Congress oft he European Society of Clinical Microbiology and Infectious Diseases - Dr. Vicky Katsemi Wasserhygiene &amp; Mikrobiologie","og_description":"Trinkwasserverordnung 2023: Online Seminar f\u00fcr Geb\u00e4udebetreiber und Immobilienbesitzer. Neue Anforderungen und wie sie erf\u00fcllt werden k\u00f6nnen.","og_url":"https:\/\/www.drvickykatsemi.com\/el\/congress-oft-he-european-society-of-clinical-microbiology-and-infectious-diseases\/","og_site_name":"Dr. Vicky Katsemi Wasserhygiene &amp; Mikrobiologie","article_modified_time":"2026-01-06T11:15:33+00:00","twitter_card":"summary_large_image","twitter_misc":{"\u0395\u03ba\u03c4\u03b9\u03bc\u03ce\u03bc\u03b5\u03bd\u03bf\u03c2 \u03c7\u03c1\u03cc\u03bd\u03bf\u03c2 \u03b1\u03bd\u03ac\u03b3\u03bd\u03c9\u03c3\u03b7\u03c2":"2 \u03bb\u03b5\u03c0\u03c4\u03ac"},"schema":{"@context":"https:\/\/schema.org","@graph":[{"@type":"WebPage","@id":"https:\/\/www.drvickykatsemi.com\/congress-oft-he-european-society-of-clinical-microbiology-and-infectious-diseases\/","url":"https:\/\/www.drvickykatsemi.com\/congress-oft-he-european-society-of-clinical-microbiology-and-infectious-diseases\/","name":"Congress oft he European Society of Clinical Microbiology and Infectious Diseases - Dr. Vicky Katsemi Wasserhygiene &amp; Mikrobiologie","isPartOf":{"@id":"https:\/\/www.drvickykatsemi.com\/#website"},"datePublished":"2026-01-06T11:04:58+00:00","dateModified":"2026-01-06T11:15:33+00:00","description":"Trinkwasserverordnung 2023: Online Seminar f\u00fcr Geb\u00e4udebetreiber und Immobilienbesitzer. Neue Anforderungen und wie sie erf\u00fcllt werden k\u00f6nnen.","breadcrumb":{"@id":"https:\/\/www.drvickykatsemi.com\/congress-oft-he-european-society-of-clinical-microbiology-and-infectious-diseases\/#breadcrumb"},"inLanguage":"el","potentialAction":[{"@type":"ReadAction","target":["https:\/\/www.drvickykatsemi.com\/congress-oft-he-european-society-of-clinical-microbiology-and-infectious-diseases\/"]}]},{"@type":"BreadcrumbList","@id":"https:\/\/www.drvickykatsemi.com\/congress-oft-he-european-society-of-clinical-microbiology-and-infectious-diseases\/#breadcrumb","itemListElement":[{"@type":"ListItem","position":1,"name":"Startseite","item":"https:\/\/www.drvickykatsemi.com\/"},{"@type":"ListItem","position":2,"name":"Congress oft he European Society of Clinical Microbiology and Infectious Diseases"}]},{"@type":"WebSite","@id":"https:\/\/www.drvickykatsemi.com\/#website","url":"https:\/\/www.drvickykatsemi.com\/","name":"Dr. Vicky Katsemi Wasserhygiene & Mikrobiologie","description":"Katsemi Wasserhygiene &amp; Mikrobiologie","publisher":{"@id":"https:\/\/www.drvickykatsemi.com\/#organization"},"alternateName":"Katsemi Wasserhygiene & Mikrobiologie","potentialAction":[{"@type":"SearchAction","target":{"@type":"EntryPoint","urlTemplate":"https:\/\/www.drvickykatsemi.com\/?s={search_term_string}"},"query-input":{"@type":"PropertyValueSpecification","valueRequired":true,"valueName":"search_term_string"}}],"inLanguage":"el"},{"@type":"Organization","@id":"https:\/\/www.drvickykatsemi.com\/#organization","name":"Dr. Vicky Katsemi Wasserhygiene & Mikrobiologie","url":"https:\/\/www.drvickykatsemi.com\/","logo":{"@type":"ImageObject","inLanguage":"el","@id":"https:\/\/www.drvickykatsemi.com\/#\/schema\/logo\/image\/","url":"https:\/\/www.drvickykatsemi.com\/wp-content\/uploads\/2025\/09\/cropped-Dr-Vicky-Katsemi-Logo-1.png","contentUrl":"https:\/\/www.drvickykatsemi.com\/wp-content\/uploads\/2025\/09\/cropped-Dr-Vicky-Katsemi-Logo-1.png","width":774,"height":484,"caption":"Dr. Vicky Katsemi Wasserhygiene & Mikrobiologie"},"image":{"@id":"https:\/\/www.drvickykatsemi.com\/#\/schema\/logo\/image\/"},"sameAs":["https:\/\/de.linkedin.com\/in\/vicky-katsemi-phd-mba-999551148"]}]}},"_links":{"self":[{"href":"https:\/\/www.drvickykatsemi.com\/el\/wp-json\/wp\/v2\/pages\/4510","targetHints":{"allow":["GET"]}}],"collection":[{"href":"https:\/\/www.drvickykatsemi.com\/el\/wp-json\/wp\/v2\/pages"}],"about":[{"href":"https:\/\/www.drvickykatsemi.com\/el\/wp-json\/wp\/v2\/types\/page"}],"author":[{"embeddable":true,"href":"https:\/\/www.drvickykatsemi.com\/el\/wp-json\/wp\/v2\/users\/2"}],"replies":[{"embeddable":true,"href":"https:\/\/www.drvickykatsemi.com\/el\/wp-json\/wp\/v2\/comments?post=4510"}],"version-history":[{"count":16,"href":"https:\/\/www.drvickykatsemi.com\/el\/wp-json\/wp\/v2\/pages\/4510\/revisions"}],"predecessor-version":[{"id":4535,"href":"https:\/\/www.drvickykatsemi.com\/el\/wp-json\/wp\/v2\/pages\/4510\/revisions\/4535"}],"wp:attachment":[{"href":"https:\/\/www.drvickykatsemi.com\/el\/wp-json\/wp\/v2\/media?parent=4510"}],"curies":[{"name":"wp","href":"https:\/\/api.w.org\/{rel}","templated":true}]}}