{"id":4469,"date":"2026-01-06T11:48:41","date_gmt":"2026-01-06T10:48:41","guid":{"rendered":"https:\/\/www.drvickykatsemi.com\/?page_id=4469"},"modified":"2026-01-08T14:28:47","modified_gmt":"2026-01-08T13:28:47","slug":"2-muenchner-trinkwasserhygiene-forum","status":"publish","type":"page","link":"https:\/\/www.drvickykatsemi.com\/el\/2-muenchner-trinkwasserhygiene-forum\/","title":{"rendered":"2. M\u00fcnchner Trinkwasserhygiene Forum"},"content":{"rendered":"<div data-elementor-type=\"wp-page\" data-elementor-id=\"4469\" class=\"elementor elementor-4469\">\n\t\t\t\t\t\t<section class=\"elementor-section elementor-top-section elementor-element elementor-element-761af23 elementor-section-height-min-height elementor-section-boxed elementor-section-height-default elementor-section-items-middle\" data-id=\"761af23\" data-element_type=\"section\" data-settings=\"{&quot;background_background&quot;:&quot;classic&quot;}\">\n\t\t\t\t\t\t<div class=\"elementor-container elementor-column-gap-default\">\n\t\t\t\t\t<div class=\"elementor-column elementor-col-100 elementor-top-column elementor-element elementor-element-60aeb98\" data-id=\"60aeb98\" data-element_type=\"column\">\n\t\t\t<div class=\"elementor-widget-wrap elementor-element-populated\">\n\t\t\t\t\t\t<div class=\"elementor-element elementor-element-6ca025b elementor-widget elementor-widget-heading\" data-id=\"6ca025b\" data-element_type=\"widget\" data-widget_type=\"heading.default\">\n\t\t\t\t<div class=\"elementor-widget-container\">\n\t\t\t\t\t<h1 class=\"elementor-heading-title elementor-size-default\">2. M\u00fcnchner <br>Trinkwasserhygiene Forum<\/h1>\t\t\t\t<\/div>\n\t\t\t\t<\/div>\n\t\t\t\t\t<\/div>\n\t\t<\/div>\n\t\t\t\t\t<\/div>\n\t\t<\/section>\n\t\t<div class=\"elementor-element elementor-element-c64cf38 e-flex e-con-boxed e-con e-parent\" data-id=\"c64cf38\" data-element_type=\"container\">\n\t\t\t\t\t<div class=\"e-con-inner\">\n\t\t\t\t<div class=\"elementor-element elementor-element-b8e85db elementor-widget elementor-widget-heading\" data-id=\"b8e85db\" data-element_type=\"widget\" data-widget_type=\"heading.default\">\n\t\t\t\t<div class=\"elementor-widget-container\">\n\t\t\t\t\t<h2 class=\"elementor-heading-title elementor-size-default\">Programmbeschreibung<\/h2>\t\t\t\t<\/div>\n\t\t\t\t<\/div>\n\t\t\t\t<div class=\"elementor-element elementor-element-9a56e58 elementor-widget elementor-widget-text-editor\" data-id=\"9a56e58\" data-element_type=\"widget\" data-widget_type=\"text-editor.default\">\n\t\t\t\t<div class=\"elementor-widget-container\">\n\t\t\t\t\t\t\t\t\t<p>Nach dem erfolgreichen 1. M\u00fcnchner Trinkwasserhygiene Forum im Januar 2024 laden wir Sie herzlich zum <br><strong>2. M\u00fcnchner Trinkwasserhygiene Forum am 05.03.2026&nbsp;<\/strong>ein.<\/p>\n<p><\/p>\n<p>Im Fokus des 2. M\u00fcnchner Trinkwasserhygiene Forums stehen drei aktuelle Themen der Trinkwasserhygiene, die fachlich eingeordnet und intensiv diskutiert werden.&nbsp; Die Veranstaltung findet erneut online statt.<\/p>\t\t\t\t\t\t\t\t<\/div>\n\t\t\t\t<\/div>\n\t\t\t\t<div class=\"elementor-element elementor-element-f1c3b28 elementor-widget elementor-widget-heading\" data-id=\"f1c3b28\" data-element_type=\"widget\" data-widget_type=\"heading.default\">\n\t\t\t\t<div class=\"elementor-widget-container\">\n\t\t\t\t\t<h3 class=\"elementor-heading-title elementor-size-default\">Schwerpunkte des Online Forums<\/h3>\t\t\t\t<\/div>\n\t\t\t\t<\/div>\n\t\t\t\t<div class=\"elementor-element elementor-element-352c2d8 elementor-widget__width-initial elementor-widget elementor-widget-text-editor\" data-id=\"352c2d8\" data-element_type=\"widget\" data-widget_type=\"text-editor.default\">\n\t\t\t\t<div class=\"elementor-widget-container\">\n\t\t\t\t\t\t\t\t\t<p><strong>Thema 1:<\/strong> <br \/>Trinkbrunnen und Wasserspender im \u00f6ffentlichen Bereich<br \/>Trinkbrunnen und Wasserspender im \u00f6ffentlichen Bereich betreffen Betreiber, Hygieneverantwortliche, Technik, Beh\u00f6rden und Nutzer gleicherma\u00dfen. Gleichzeitig bestehen in der Praxis zahlreiche Unsicherheiten \u2013 von hygienischen Anforderungen bis zum rechtssicheren Betrieb. Diese Aspekte werden fachlich beleuchtet und diskutiert.<\/p><p>\u00a0<\/p><p><strong>Thema 2:<\/strong> <br \/>Sterilwasserfilter<br \/>Richtig ausgew\u00e4hlt, installiert und angewendet, stellen Sterilwasserfilter eine effektive, gut dokumentierte Ma\u00dfnahme der Infektionspr\u00e4vention vor wasserassoziierter Pathogene dar. Gleichzeitig erfordern sie fundiertes hygienisches und technisches Wissen, um ihre Funktion zur Infektionspr\u00e4vention tats\u00e4chlich zu entfalten. Das Forum greift die zentralen Fragestellungen auf, vor denen viele Entscheider stehen.<\/p><p>\u00a0<\/p><p><strong>Thema 3:<\/strong> <br \/>Der Wassersicherheitsplan<br \/>Sterilwasserfilter sind auch Bestandteil von Wassersicherheitspl\u00e4nen. Im dritten Themenblock wird erl\u00e4utert, welchen Zweck Wassersicherheitspl\u00e4ne erf\u00fcllen, welche Einrichtungen besonders profitieren k\u00f6nnen und wie ein strukturierter Umsetzungsprozess aussieht.<\/p><p>Gemeinsam mit renommierten ExpertInnen bieten wir Raum f\u00fcr wissenschaftlichen Austausch und fachliche Diskussion.<\/p><p>\u00a0<\/p><p><strong><a href=\"https:\/\/www.drvickykatsemi.com\/wp-content\/uploads\/2026\/01\/MTF_2026_Flyer.pdf\" target=\"_blank\" rel=\"noopener\">Info-Flyer ansehen \u203a<\/a><\/strong><\/p><p>\u00a0<\/p><p>Anmeldung unter:<br \/><a href=\"https:\/\/hygienetag.de\/trinkwasserhygiene\/\">https:\/\/hygienetag.de\/trinkwasserhygiene\/<\/a><\/p><p>Dr. Vicky Katsemi &#8211; Christiane Wa\u00dfmer &#8211; Dr. Benjamin W\u00fcrstl\u00a0<\/p>\t\t\t\t\t\t\t\t<\/div>\n\t\t\t\t<\/div>\n\t\t\t\t\t<\/div>\n\t\t\t\t<\/div>\n\t\t\t\t<\/div>","protected":false},"excerpt":{"rendered":"<p>2. M\u00fcnchner Trinkwasserhygiene Forum Programmbeschreibung Nach dem erfolgreichen 1. M\u00fcnchner Trinkwasserhygiene Forum im Januar 2024 laden wir Sie herzlich zum 2. M\u00fcnchner Trinkwasserhygiene Forum am 05.03.2026&nbsp;ein. Im Fokus des 2. M\u00fcnchner Trinkwasserhygiene Forums stehen drei aktuelle Themen der Trinkwasserhygiene, die fachlich eingeordnet und intensiv diskutiert werden.&nbsp; Die Veranstaltung findet erneut online statt. Schwerpunkte des Online [&hellip;]<\/p>","protected":false},"author":2,"featured_media":0,"parent":0,"menu_order":0,"comment_status":"closed","ping_status":"closed","template":"","meta":{"site-sidebar-layout":"no-sidebar","site-content-layout":"page-builder","ast-site-content-layout":"","site-content-style":"default","site-sidebar-style":"default","ast-global-header-display":"","ast-banner-title-visibility":"","ast-main-header-display":"","ast-hfb-above-header-display":"","ast-hfb-below-header-display":"","ast-hfb-mobile-header-display":"","site-post-title":"disabled","ast-breadcrumbs-content":"","ast-featured-img":"disabled","footer-sml-layout":"","theme-transparent-header-meta":"enabled","adv-header-id-meta":"","stick-header-meta":"","header-above-stick-meta":"","header-main-stick-meta":"","header-below-stick-meta":"","astra-migrate-meta-layouts":"default","ast-page-background-enabled":"default","ast-page-background-meta":{"desktop":{"background-color":"var(--ast-global-color-4)","background-image":"","background-repeat":"repeat","background-position":"center center","background-size":"auto","background-attachment":"scroll","background-type":"","background-media":"","overlay-type":"","overlay-color":"","overlay-opacity":"","overlay-gradient":""},"tablet":{"background-color":"","background-image":"","background-repeat":"repeat","background-position":"center center","background-size":"auto","background-attachment":"scroll","background-type":"","background-media":"","overlay-type":"","overlay-color":"","overlay-opacity":"","overlay-gradient":""},"mobile":{"background-color":"","background-image":"","background-repeat":"repeat","background-position":"center center","background-size":"auto","background-attachment":"scroll","background-type":"","background-media":"","overlay-type":"","overlay-color":"","overlay-opacity":"","overlay-gradient":""}},"ast-content-background-meta":{"desktop":{"background-color":"var(--ast-global-color-5)","background-image":"","background-repeat":"repeat","background-position":"center center","background-size":"auto","background-attachment":"scroll","background-type":"","background-media":"","overlay-type":"","overlay-color":"","overlay-opacity":"","overlay-gradient":""},"tablet":{"background-color":"var(--ast-global-color-5)","background-image":"","background-repeat":"repeat","background-position":"center center","background-size":"auto","background-attachment":"scroll","background-type":"","background-media":"","overlay-type":"","overlay-color":"","overlay-opacity":"","overlay-gradient":""},"mobile":{"background-color":"var(--ast-global-color-5)","background-image":"","background-repeat":"repeat","background-position":"center center","background-size":"auto","background-attachment":"scroll","background-type":"","background-media":"","overlay-type":"","overlay-color":"","overlay-opacity":"","overlay-gradient":""}},"footnotes":""},"class_list":["post-4469","page","type-page","status-publish","hentry"],"yoast_head":"<!-- This site is optimized with the Yoast SEO plugin v24.5 - https:\/\/yoast.com\/wordpress\/plugins\/seo\/ -->\n<title>2. M\u00fcnchner Trinkwasserhygiene Forum - Dr. Vicky Katsemi Wasserhygiene &amp; Mikrobiologie<\/title>\n<meta name=\"description\" content=\"Trinkwasserverordnung 2023: Online Seminar f\u00fcr Geb\u00e4udebetreiber und Immobilienbesitzer. Neue Anforderungen und wie sie erf\u00fcllt werden k\u00f6nnen.\" \/>\n<meta name=\"robots\" content=\"index, follow, max-snippet:-1, max-image-preview:large, max-video-preview:-1\" \/>\n<link rel=\"canonical\" href=\"https:\/\/www.drvickykatsemi.com\/el\/2-muenchner-trinkwasserhygiene-forum\/\" \/>\n<meta property=\"og:locale\" content=\"el_GR\" \/>\n<meta property=\"og:type\" content=\"article\" \/>\n<meta property=\"og:title\" content=\"2. M\u00fcnchner Trinkwasserhygiene Forum - Dr. Vicky Katsemi Wasserhygiene &amp; Mikrobiologie\" \/>\n<meta property=\"og:description\" content=\"Trinkwasserverordnung 2023: Online Seminar f\u00fcr Geb\u00e4udebetreiber und Immobilienbesitzer. Neue Anforderungen und wie sie erf\u00fcllt werden k\u00f6nnen.\" \/>\n<meta property=\"og:url\" content=\"https:\/\/www.drvickykatsemi.com\/el\/2-muenchner-trinkwasserhygiene-forum\/\" \/>\n<meta property=\"og:site_name\" content=\"Dr. Vicky Katsemi Wasserhygiene &amp; Mikrobiologie\" \/>\n<meta property=\"article:modified_time\" content=\"2026-01-08T13:28:47+00:00\" \/>\n<meta name=\"twitter:card\" content=\"summary_large_image\" \/>\n<meta name=\"twitter:label1\" content=\"\u0395\u03ba\u03c4\u03b9\u03bc\u03ce\u03bc\u03b5\u03bd\u03bf\u03c2 \u03c7\u03c1\u03cc\u03bd\u03bf\u03c2 \u03b1\u03bd\u03ac\u03b3\u03bd\u03c9\u03c3\u03b7\u03c2\" \/>\n\t<meta name=\"twitter:data1\" content=\"2 \u03bb\u03b5\u03c0\u03c4\u03ac\" \/>\n<script type=\"application\/ld+json\" class=\"yoast-schema-graph\">{\"@context\":\"https:\/\/schema.org\",\"@graph\":[{\"@type\":\"WebPage\",\"@id\":\"https:\/\/www.drvickykatsemi.com\/2-muenchner-trinkwasserhygiene-forum\/\",\"url\":\"https:\/\/www.drvickykatsemi.com\/2-muenchner-trinkwasserhygiene-forum\/\",\"name\":\"2. M\u00fcnchner Trinkwasserhygiene Forum - Dr. Vicky Katsemi Wasserhygiene &amp; Mikrobiologie\",\"isPartOf\":{\"@id\":\"https:\/\/www.drvickykatsemi.com\/#website\"},\"datePublished\":\"2026-01-06T10:48:41+00:00\",\"dateModified\":\"2026-01-08T13:28:47+00:00\",\"description\":\"Trinkwasserverordnung 2023: Online Seminar f\u00fcr Geb\u00e4udebetreiber und Immobilienbesitzer. Neue Anforderungen und wie sie erf\u00fcllt werden k\u00f6nnen.\",\"breadcrumb\":{\"@id\":\"https:\/\/www.drvickykatsemi.com\/2-muenchner-trinkwasserhygiene-forum\/#breadcrumb\"},\"inLanguage\":\"el\",\"potentialAction\":[{\"@type\":\"ReadAction\",\"target\":[\"https:\/\/www.drvickykatsemi.com\/2-muenchner-trinkwasserhygiene-forum\/\"]}]},{\"@type\":\"BreadcrumbList\",\"@id\":\"https:\/\/www.drvickykatsemi.com\/2-muenchner-trinkwasserhygiene-forum\/#breadcrumb\",\"itemListElement\":[{\"@type\":\"ListItem\",\"position\":1,\"name\":\"Startseite\",\"item\":\"https:\/\/www.drvickykatsemi.com\/\"},{\"@type\":\"ListItem\",\"position\":2,\"name\":\"2. M\u00fcnchner Trinkwasserhygiene Forum\"}]},{\"@type\":\"WebSite\",\"@id\":\"https:\/\/www.drvickykatsemi.com\/#website\",\"url\":\"https:\/\/www.drvickykatsemi.com\/\",\"name\":\"Dr. Vicky Katsemi Wasserhygiene & Mikrobiologie\",\"description\":\"Katsemi Wasserhygiene &amp; Mikrobiologie\",\"publisher\":{\"@id\":\"https:\/\/www.drvickykatsemi.com\/#organization\"},\"alternateName\":\"Katsemi Wasserhygiene & Mikrobiologie\",\"potentialAction\":[{\"@type\":\"SearchAction\",\"target\":{\"@type\":\"EntryPoint\",\"urlTemplate\":\"https:\/\/www.drvickykatsemi.com\/?s={search_term_string}\"},\"query-input\":{\"@type\":\"PropertyValueSpecification\",\"valueRequired\":true,\"valueName\":\"search_term_string\"}}],\"inLanguage\":\"el\"},{\"@type\":\"Organization\",\"@id\":\"https:\/\/www.drvickykatsemi.com\/#organization\",\"name\":\"Dr. Vicky Katsemi Wasserhygiene & Mikrobiologie\",\"url\":\"https:\/\/www.drvickykatsemi.com\/\",\"logo\":{\"@type\":\"ImageObject\",\"inLanguage\":\"el\",\"@id\":\"https:\/\/www.drvickykatsemi.com\/#\/schema\/logo\/image\/\",\"url\":\"https:\/\/www.drvickykatsemi.com\/wp-content\/uploads\/2025\/09\/cropped-Dr-Vicky-Katsemi-Logo-1.png\",\"contentUrl\":\"https:\/\/www.drvickykatsemi.com\/wp-content\/uploads\/2025\/09\/cropped-Dr-Vicky-Katsemi-Logo-1.png\",\"width\":774,\"height\":484,\"caption\":\"Dr. Vicky Katsemi Wasserhygiene & Mikrobiologie\"},\"image\":{\"@id\":\"https:\/\/www.drvickykatsemi.com\/#\/schema\/logo\/image\/\"},\"sameAs\":[\"https:\/\/de.linkedin.com\/in\/vicky-katsemi-phd-mba-999551148\"]}]}<\/script>\n<!-- \/ Yoast SEO plugin. -->","yoast_head_json":{"title":"2. M\u00fcnchner Trinkwasserhygiene Forum - Dr. Vicky Katsemi Wasserhygiene &amp; Mikrobiologie","description":"Trinkwasserverordnung 2023: Online Seminar f\u00fcr Geb\u00e4udebetreiber und Immobilienbesitzer. Neue Anforderungen und wie sie erf\u00fcllt werden k\u00f6nnen.","robots":{"index":"index","follow":"follow","max-snippet":"max-snippet:-1","max-image-preview":"max-image-preview:large","max-video-preview":"max-video-preview:-1"},"canonical":"https:\/\/www.drvickykatsemi.com\/el\/2-muenchner-trinkwasserhygiene-forum\/","og_locale":"el_GR","og_type":"article","og_title":"2. M\u00fcnchner Trinkwasserhygiene Forum - Dr. Vicky Katsemi Wasserhygiene &amp; Mikrobiologie","og_description":"Trinkwasserverordnung 2023: Online Seminar f\u00fcr Geb\u00e4udebetreiber und Immobilienbesitzer. Neue Anforderungen und wie sie erf\u00fcllt werden k\u00f6nnen.","og_url":"https:\/\/www.drvickykatsemi.com\/el\/2-muenchner-trinkwasserhygiene-forum\/","og_site_name":"Dr. Vicky Katsemi Wasserhygiene &amp; Mikrobiologie","article_modified_time":"2026-01-08T13:28:47+00:00","twitter_card":"summary_large_image","twitter_misc":{"\u0395\u03ba\u03c4\u03b9\u03bc\u03ce\u03bc\u03b5\u03bd\u03bf\u03c2 \u03c7\u03c1\u03cc\u03bd\u03bf\u03c2 \u03b1\u03bd\u03ac\u03b3\u03bd\u03c9\u03c3\u03b7\u03c2":"2 \u03bb\u03b5\u03c0\u03c4\u03ac"},"schema":{"@context":"https:\/\/schema.org","@graph":[{"@type":"WebPage","@id":"https:\/\/www.drvickykatsemi.com\/2-muenchner-trinkwasserhygiene-forum\/","url":"https:\/\/www.drvickykatsemi.com\/2-muenchner-trinkwasserhygiene-forum\/","name":"2. M\u00fcnchner Trinkwasserhygiene Forum - Dr. Vicky Katsemi Wasserhygiene &amp; Mikrobiologie","isPartOf":{"@id":"https:\/\/www.drvickykatsemi.com\/#website"},"datePublished":"2026-01-06T10:48:41+00:00","dateModified":"2026-01-08T13:28:47+00:00","description":"Trinkwasserverordnung 2023: Online Seminar f\u00fcr Geb\u00e4udebetreiber und Immobilienbesitzer. Neue Anforderungen und wie sie erf\u00fcllt werden k\u00f6nnen.","breadcrumb":{"@id":"https:\/\/www.drvickykatsemi.com\/2-muenchner-trinkwasserhygiene-forum\/#breadcrumb"},"inLanguage":"el","potentialAction":[{"@type":"ReadAction","target":["https:\/\/www.drvickykatsemi.com\/2-muenchner-trinkwasserhygiene-forum\/"]}]},{"@type":"BreadcrumbList","@id":"https:\/\/www.drvickykatsemi.com\/2-muenchner-trinkwasserhygiene-forum\/#breadcrumb","itemListElement":[{"@type":"ListItem","position":1,"name":"Startseite","item":"https:\/\/www.drvickykatsemi.com\/"},{"@type":"ListItem","position":2,"name":"2. M\u00fcnchner Trinkwasserhygiene Forum"}]},{"@type":"WebSite","@id":"https:\/\/www.drvickykatsemi.com\/#website","url":"https:\/\/www.drvickykatsemi.com\/","name":"Dr. Vicky Katsemi Wasserhygiene & Mikrobiologie","description":"Katsemi Wasserhygiene &amp; Mikrobiologie","publisher":{"@id":"https:\/\/www.drvickykatsemi.com\/#organization"},"alternateName":"Katsemi Wasserhygiene & Mikrobiologie","potentialAction":[{"@type":"SearchAction","target":{"@type":"EntryPoint","urlTemplate":"https:\/\/www.drvickykatsemi.com\/?s={search_term_string}"},"query-input":{"@type":"PropertyValueSpecification","valueRequired":true,"valueName":"search_term_string"}}],"inLanguage":"el"},{"@type":"Organization","@id":"https:\/\/www.drvickykatsemi.com\/#organization","name":"Dr. Vicky Katsemi Wasserhygiene & Mikrobiologie","url":"https:\/\/www.drvickykatsemi.com\/","logo":{"@type":"ImageObject","inLanguage":"el","@id":"https:\/\/www.drvickykatsemi.com\/#\/schema\/logo\/image\/","url":"https:\/\/www.drvickykatsemi.com\/wp-content\/uploads\/2025\/09\/cropped-Dr-Vicky-Katsemi-Logo-1.png","contentUrl":"https:\/\/www.drvickykatsemi.com\/wp-content\/uploads\/2025\/09\/cropped-Dr-Vicky-Katsemi-Logo-1.png","width":774,"height":484,"caption":"Dr. Vicky Katsemi Wasserhygiene & Mikrobiologie"},"image":{"@id":"https:\/\/www.drvickykatsemi.com\/#\/schema\/logo\/image\/"},"sameAs":["https:\/\/de.linkedin.com\/in\/vicky-katsemi-phd-mba-999551148"]}]}},"_links":{"self":[{"href":"https:\/\/www.drvickykatsemi.com\/el\/wp-json\/wp\/v2\/pages\/4469","targetHints":{"allow":["GET"]}}],"collection":[{"href":"https:\/\/www.drvickykatsemi.com\/el\/wp-json\/wp\/v2\/pages"}],"about":[{"href":"https:\/\/www.drvickykatsemi.com\/el\/wp-json\/wp\/v2\/types\/page"}],"author":[{"embeddable":true,"href":"https:\/\/www.drvickykatsemi.com\/el\/wp-json\/wp\/v2\/users\/2"}],"replies":[{"embeddable":true,"href":"https:\/\/www.drvickykatsemi.com\/el\/wp-json\/wp\/v2\/comments?post=4469"}],"version-history":[{"count":67,"href":"https:\/\/www.drvickykatsemi.com\/el\/wp-json\/wp\/v2\/pages\/4469\/revisions"}],"predecessor-version":[{"id":4653,"href":"https:\/\/www.drvickykatsemi.com\/el\/wp-json\/wp\/v2\/pages\/4469\/revisions\/4653"}],"wp:attachment":[{"href":"https:\/\/www.drvickykatsemi.com\/el\/wp-json\/wp\/v2\/media?parent=4469"}],"curies":[{"name":"wp","href":"https:\/\/api.w.org\/{rel}","templated":true}]}}