{"id":3454,"date":"2024-08-06T07:42:18","date_gmt":"2024-08-06T05:42:18","guid":{"rendered":"https:\/\/www.drvickykatsemi.com\/?page_id=3454"},"modified":"2024-08-06T07:44:32","modified_gmt":"2024-08-06T05:44:32","slug":"hygienefachgesprache-klinikum-st-georg-ggmbh","status":"publish","type":"page","link":"https:\/\/www.drvickykatsemi.com\/el\/hygienefachgesprache-klinikum-st-georg-ggmbh\/","title":{"rendered":"Hygienefachgespr\u00e4che Klinikum St. Georg gGmbH"},"content":{"rendered":"<div data-elementor-type=\"wp-page\" data-elementor-id=\"3454\" class=\"elementor elementor-3454\">\n\t\t\t\t\t\t<section class=\"elementor-section elementor-top-section elementor-element elementor-element-761af23 elementor-section-height-min-height elementor-section-boxed elementor-section-height-default elementor-section-items-middle\" data-id=\"761af23\" data-element_type=\"section\" data-settings=\"{&quot;background_background&quot;:&quot;classic&quot;}\">\n\t\t\t\t\t\t<div class=\"elementor-container elementor-column-gap-default\">\n\t\t\t\t\t<div class=\"elementor-column elementor-col-100 elementor-top-column elementor-element elementor-element-60aeb98\" data-id=\"60aeb98\" data-element_type=\"column\">\n\t\t\t<div class=\"elementor-widget-wrap elementor-element-populated\">\n\t\t\t\t\t\t<div class=\"elementor-element elementor-element-6ca025b elementor-widget elementor-widget-heading\" data-id=\"6ca025b\" data-element_type=\"widget\" data-widget_type=\"heading.default\">\n\t\t\t\t<div class=\"elementor-widget-container\">\n\t\t\t\t\t<h1 class=\"elementor-heading-title elementor-size-default\">Hygienefachgespr\u00e4che Klinikum St. Georg gGmbH<\/h1>\t\t\t\t<\/div>\n\t\t\t\t<\/div>\n\t\t\t\t\t<\/div>\n\t\t<\/div>\n\t\t\t\t\t<\/div>\n\t\t<\/section>\n\t\t\t\t<section class=\"elementor-section elementor-top-section elementor-element elementor-element-aae09f4 elementor-section-boxed elementor-section-height-default elementor-section-height-default\" data-id=\"aae09f4\" data-element_type=\"section\">\n\t\t\t\t\t\t<div class=\"elementor-container elementor-column-gap-default\">\n\t\t\t\t\t<div class=\"elementor-column elementor-col-100 elementor-top-column elementor-element elementor-element-c9a5424\" data-id=\"c9a5424\" data-element_type=\"column\">\n\t\t\t<div class=\"elementor-widget-wrap elementor-element-populated\">\n\t\t\t\t\t\t<div class=\"elementor-element elementor-element-4bd710a elementor-widget elementor-widget-spacer\" data-id=\"4bd710a\" data-element_type=\"widget\" data-widget_type=\"spacer.default\">\n\t\t\t\t<div class=\"elementor-widget-container\">\n\t\t\t\t\t\t\t<div class=\"elementor-spacer\">\n\t\t\t<div class=\"elementor-spacer-inner\"><\/div>\n\t\t<\/div>\n\t\t\t\t\t\t<\/div>\n\t\t\t\t<\/div>\n\t\t\t\t<div class=\"elementor-element elementor-element-0e2b5d6 elementor-widget elementor-widget-heading\" data-id=\"0e2b5d6\" data-element_type=\"widget\" data-widget_type=\"heading.default\">\n\t\t\t\t<div class=\"elementor-widget-container\">\n\t\t\t\t\t<h3 class=\"elementor-heading-title elementor-size-default\">Hygienefachgespr\u00e4che am 04.09.2024 in Leipzig<\/h3>\t\t\t\t<\/div>\n\t\t\t\t<\/div>\n\t\t\t\t<div class=\"elementor-element elementor-element-ac8d4d9 elementor-widget elementor-widget-heading\" data-id=\"ac8d4d9\" data-element_type=\"widget\" data-widget_type=\"heading.default\">\n\t\t\t\t<div class=\"elementor-widget-container\">\n\t\t\t\t\t<h3 class=\"elementor-heading-title elementor-size-default\">\ud83d\udcc5 Wann: 04.09.2024, 09:00 \u2013 14:00 Uhr  <\/h3>\t\t\t\t<\/div>\n\t\t\t\t<\/div>\n\t\t\t\t<div class=\"elementor-element elementor-element-5094a1d elementor-widget elementor-widget-heading\" data-id=\"5094a1d\" data-element_type=\"widget\" data-widget_type=\"heading.default\">\n\t\t\t\t<div class=\"elementor-widget-container\">\n\t\t\t\t\t<h3 class=\"elementor-heading-title elementor-size-default\">\ud83d\udccd Wo: Klinikum St. Georg, Leipzig  <\/h3>\t\t\t\t<\/div>\n\t\t\t\t<\/div>\n\t\t\t\t<div class=\"elementor-element elementor-element-2649851 elementor-widget elementor-widget-heading\" data-id=\"2649851\" data-element_type=\"widget\" data-widget_type=\"heading.default\">\n\t\t\t\t<div class=\"elementor-widget-container\">\n\t\t\t\t\t<h3 class=\"elementor-heading-title elementor-size-default\">\ud83d\udd0d Inhaltliche Schwerpunkte: Trinkwasser, Mikroorganismen in Dentaleinheiten<\/h3>\t\t\t\t<\/div>\n\t\t\t\t<\/div>\n\t\t\t\t<div class=\"elementor-element elementor-element-c7d7d4f elementor-widget elementor-widget-heading\" data-id=\"c7d7d4f\" data-element_type=\"widget\" data-widget_type=\"heading.default\">\n\t\t\t\t<div class=\"elementor-widget-container\">\n\t\t\t\t\t<h3 class=\"elementor-heading-title elementor-size-default\">Das Klinikum St. Georg und die Akkreditierte Hygieneinspektionsstelle f\u00fcr Trinkwassersysteme (AHT) laden herzlich zu den Hygienefachgespr\u00e4chen am 04.09.2024 in Leipzig ein.<\/h3>\t\t\t\t<\/div>\n\t\t\t\t<\/div>\n\t\t\t\t<div class=\"elementor-element elementor-element-5654efc elementor-widget elementor-widget-heading\" data-id=\"5654efc\" data-element_type=\"widget\" data-widget_type=\"heading.default\">\n\t\t\t\t<div class=\"elementor-widget-container\">\n\t\t\t\t\t<h3 class=\"elementor-heading-title elementor-size-default\">Freuen Sie sich auf spannende, informationsreiche Vortr\u00e4ge, praxisnahe Beispiele und weitreichende Diskussionen zu folgenden Themen:<\/h3>\t\t\t\t<\/div>\n\t\t\t\t<\/div>\n\t\t\t\t<div class=\"elementor-element elementor-element-cc421f7 elementor-widget elementor-widget-text-editor\" data-id=\"cc421f7\" data-element_type=\"widget\" data-widget_type=\"text-editor.default\">\n\t\t\t\t<div class=\"elementor-widget-container\">\n\t\t\t\t\t\t\t\t\t<p>&#8211; Aktuelle wissenschaftliche Erkenntnisse zu Trinkwasser aus medizinischer Sicht<\/p><p>&#8211; Einblicke in den Alltag einer akkreditierten Untersuchungsstelle f\u00fcr Trinkwasser<\/p><p>&#8211; Technische Aspekte und praxisnahe Beispiele zu Trinkwasser-f\u00fchrenden Systemen<\/p><p>&#8211; Hygienische und mikrobiologische Herausforderungen von Dentaleinheiten<\/p><p>&#8211; Einf\u00fchrung in den Wassersicherheitsplan: Der Wassersicherheitsplan wurde zun\u00e4chst durch die Weltgesundheitsorganisation im Jahr 2005 als ein proaktiver Prozess zur Sicherstellung der Wasserqualit\u00e4t vorgeschlagen. Er unterst\u00fctzt Betreiber dabei, potenzielle Gefahren zu identifizieren, Risiken zu bewerten und geeignete Ma\u00dfnahmen zur Risikominimierung zu ergreifen. Ich werde in meinem Vortrag die Implementierung und die Vorteile eines effektiven Wassersicherheitsplans n\u00e4her beleuchten sowie aufzeigen, was aktuell in Deutschland \u00fcber die Wassersicherheitspl\u00e4ne gilt.<\/p>\t\t\t\t\t\t\t\t<\/div>\n\t\t\t\t<\/div>\n\t\t\t\t<div class=\"elementor-element elementor-element-1ed725c elementor-widget elementor-widget-button\" data-id=\"1ed725c\" data-element_type=\"widget\" data-widget_type=\"button.default\">\n\t\t\t\t<div class=\"elementor-widget-container\">\n\t\t\t\t\t\t\t\t\t<div class=\"elementor-button-wrapper\">\n\t\t\t\t\t<a class=\"elementor-button elementor-button-link elementor-size-sm\" href=\"https:\/\/www.drvickykatsemi.com\/wp-content\/uploads\/2024\/08\/utf-8Hygienefachgespraeche3.pdf\">\n\t\t\t\t\t\t<span class=\"elementor-button-content-wrapper\">\n\t\t\t\t\t\t\t\t\t<span class=\"elementor-button-text\">\ud83d\udd17 \u0395\u03b3\u03b3\u03c1\u03b1\u03c6\u03ae \u03ba\u03b1\u03b9 \u03c0\u03b5\u03c1\u03b1\u03b9\u03c4\u03ad\u03c1\u03c9 \u03c0\u03bb\u03b7\u03c1\u03bf\u03c6\u03bf\u03c1\u03af\u03b5\u03c2<\/span>\n\t\t\t\t\t<\/span>\n\t\t\t\t\t<\/a>\n\t\t\t\t<\/div>\n\t\t\t\t\t\t\t\t<\/div>\n\t\t\t\t<\/div>\n\t\t\t\t<div class=\"elementor-element elementor-element-50751e5 elementor-widget elementor-widget-heading\" data-id=\"50751e5\" data-element_type=\"widget\" data-widget_type=\"heading.default\">\n\t\t\t\t<div class=\"elementor-widget-container\">\n\t\t\t\t\t<h3 class=\"elementor-heading-title elementor-size-default\">\u0391\u03bd\u03c5\u03c0\u03bf\u03bc\u03bf\u03bd\u03bf\u03cd\u03bc\u03b5 \u03b3\u03b9\u03b1 \u03c4\u03b7\u03bd \u03b5\u03bd\u03b5\u03c1\u03b3\u03cc \u03c3\u03c5\u03bc\u03bc\u03b5\u03c4\u03bf\u03c7\u03ae \u03c3\u03b1\u03c2!<\/h3>\t\t\t\t<\/div>\n\t\t\t\t<\/div>\n\t\t\t\t\t<\/div>\n\t\t<\/div>\n\t\t\t\t\t<\/div>\n\t\t<\/section>\n\t\t\t\t<\/div>","protected":false},"excerpt":{"rendered":"<p>Hygienefachgespr\u00e4che Klinikum St. Georg gGmbH Hygienefachgespr\u00e4che am 04.09.2024 in Leipzig \ud83d\udcc5 Wann: 04.09.2024, 09:00 \u2013 14:00 Uhr \ud83d\udccd Wo: Klinikum St. Georg, Leipzig \ud83d\udd0d Inhaltliche Schwerpunkte: Trinkwasser, Mikroorganismen in Dentaleinheiten Das Klinikum St. Georg und die Akkreditierte Hygieneinspektionsstelle f\u00fcr Trinkwassersysteme (AHT) laden herzlich zu den Hygienefachgespr\u00e4chen am 04.09.2024 in Leipzig ein. Freuen Sie sich auf [&hellip;]<\/p>","protected":false},"author":1,"featured_media":0,"parent":0,"menu_order":0,"comment_status":"closed","ping_status":"closed","template":"","meta":{"site-sidebar-layout":"no-sidebar","site-content-layout":"page-builder","ast-site-content-layout":"","site-content-style":"default","site-sidebar-style":"default","ast-global-header-display":"","ast-banner-title-visibility":"","ast-main-header-display":"","ast-hfb-above-header-display":"","ast-hfb-below-header-display":"","ast-hfb-mobile-header-display":"","site-post-title":"disabled","ast-breadcrumbs-content":"","ast-featured-img":"disabled","footer-sml-layout":"","theme-transparent-header-meta":"enabled","adv-header-id-meta":"","stick-header-meta":"","header-above-stick-meta":"","header-main-stick-meta":"","header-below-stick-meta":"","astra-migrate-meta-layouts":"default","ast-page-background-enabled":"default","ast-page-background-meta":{"desktop":{"background-color":"var(--ast-global-color-4)","background-image":"","background-repeat":"repeat","background-position":"center center","background-size":"auto","background-attachment":"scroll","background-type":"","background-media":"","overlay-type":"","overlay-color":"","overlay-opacity":"","overlay-gradient":""},"tablet":{"background-color":"","background-image":"","background-repeat":"repeat","background-position":"center center","background-size":"auto","background-attachment":"scroll","background-type":"","background-media":"","overlay-type":"","overlay-color":"","overlay-opacity":"","overlay-gradient":""},"mobile":{"background-color":"","background-image":"","background-repeat":"repeat","background-position":"center center","background-size":"auto","background-attachment":"scroll","background-type":"","background-media":"","overlay-type":"","overlay-color":"","overlay-opacity":"","overlay-gradient":""}},"ast-content-background-meta":{"desktop":{"background-color":"var(--ast-global-color-5)","background-image":"","background-repeat":"repeat","background-position":"center center","background-size":"auto","background-attachment":"scroll","background-type":"","background-media":"","overlay-type":"","overlay-color":"","overlay-opacity":"","overlay-gradient":""},"tablet":{"background-color":"var(--ast-global-color-5)","background-image":"","background-repeat":"repeat","background-position":"center center","background-size":"auto","background-attachment":"scroll","background-type":"","background-media":"","overlay-type":"","overlay-color":"","overlay-opacity":"","overlay-gradient":""},"mobile":{"background-color":"var(--ast-global-color-5)","background-image":"","background-repeat":"repeat","background-position":"center center","background-size":"auto","background-attachment":"scroll","background-type":"","background-media":"","overlay-type":"","overlay-color":"","overlay-opacity":"","overlay-gradient":""}},"footnotes":""},"class_list":["post-3454","page","type-page","status-publish","hentry"],"yoast_head":"<!-- This site is optimized with the Yoast SEO plugin v24.5 - https:\/\/yoast.com\/wordpress\/plugins\/seo\/ -->\n<title>Hygienefachgespr\u00e4che Klinikum St. Georg gGmbH - Dr. Vicky Katsemi Wasserhygiene &amp; Mikrobiologie<\/title>\n<meta name=\"description\" content=\"Trinkwasserverordnung 2023: Online Seminar f\u00fcr Geb\u00e4udebetreiber und Immobilienbesitzer. Neue Anforderungen und wie sie erf\u00fcllt werden k\u00f6nnen.\" \/>\n<meta name=\"robots\" content=\"index, follow, max-snippet:-1, max-image-preview:large, max-video-preview:-1\" \/>\n<link rel=\"canonical\" href=\"https:\/\/www.drvickykatsemi.com\/el\/hygienefachgesprache-klinikum-st-georg-ggmbh\/\" \/>\n<meta property=\"og:locale\" content=\"el_GR\" \/>\n<meta property=\"og:type\" content=\"article\" \/>\n<meta property=\"og:title\" content=\"Hygienefachgespr\u00e4che Klinikum St. Georg gGmbH - Dr. Vicky Katsemi Wasserhygiene &amp; Mikrobiologie\" \/>\n<meta property=\"og:description\" content=\"Trinkwasserverordnung 2023: Online Seminar f\u00fcr Geb\u00e4udebetreiber und Immobilienbesitzer. Neue Anforderungen und wie sie erf\u00fcllt werden k\u00f6nnen.\" \/>\n<meta property=\"og:url\" content=\"https:\/\/www.drvickykatsemi.com\/el\/hygienefachgesprache-klinikum-st-georg-ggmbh\/\" \/>\n<meta property=\"og:site_name\" content=\"Dr. Vicky Katsemi Wasserhygiene &amp; Mikrobiologie\" \/>\n<meta property=\"article:modified_time\" content=\"2024-08-06T05:44:32+00:00\" \/>\n<meta name=\"twitter:card\" content=\"summary_large_image\" \/>\n<meta name=\"twitter:label1\" content=\"\u0395\u03ba\u03c4\u03b9\u03bc\u03ce\u03bc\u03b5\u03bd\u03bf\u03c2 \u03c7\u03c1\u03cc\u03bd\u03bf\u03c2 \u03b1\u03bd\u03ac\u03b3\u03bd\u03c9\u03c3\u03b7\u03c2\" \/>\n\t<meta name=\"twitter:data1\" content=\"2 \u03bb\u03b5\u03c0\u03c4\u03ac\" \/>\n<script type=\"application\/ld+json\" class=\"yoast-schema-graph\">{\"@context\":\"https:\/\/schema.org\",\"@graph\":[{\"@type\":\"WebPage\",\"@id\":\"https:\/\/www.drvickykatsemi.com\/hygienefachgesprache-klinikum-st-georg-ggmbh\/\",\"url\":\"https:\/\/www.drvickykatsemi.com\/hygienefachgesprache-klinikum-st-georg-ggmbh\/\",\"name\":\"Hygienefachgespr\u00e4che Klinikum St. Georg gGmbH - Dr. Vicky Katsemi Wasserhygiene &amp; Mikrobiologie\",\"isPartOf\":{\"@id\":\"https:\/\/www.drvickykatsemi.com\/#website\"},\"datePublished\":\"2024-08-06T05:42:18+00:00\",\"dateModified\":\"2024-08-06T05:44:32+00:00\",\"description\":\"Trinkwasserverordnung 2023: Online Seminar f\u00fcr Geb\u00e4udebetreiber und Immobilienbesitzer. Neue Anforderungen und wie sie erf\u00fcllt werden k\u00f6nnen.\",\"breadcrumb\":{\"@id\":\"https:\/\/www.drvickykatsemi.com\/hygienefachgesprache-klinikum-st-georg-ggmbh\/#breadcrumb\"},\"inLanguage\":\"el\",\"potentialAction\":[{\"@type\":\"ReadAction\",\"target\":[\"https:\/\/www.drvickykatsemi.com\/hygienefachgesprache-klinikum-st-georg-ggmbh\/\"]}]},{\"@type\":\"BreadcrumbList\",\"@id\":\"https:\/\/www.drvickykatsemi.com\/hygienefachgesprache-klinikum-st-georg-ggmbh\/#breadcrumb\",\"itemListElement\":[{\"@type\":\"ListItem\",\"position\":1,\"name\":\"Startseite\",\"item\":\"https:\/\/www.drvickykatsemi.com\/\"},{\"@type\":\"ListItem\",\"position\":2,\"name\":\"Hygienefachgespr\u00e4che Klinikum St. Georg gGmbH\"}]},{\"@type\":\"WebSite\",\"@id\":\"https:\/\/www.drvickykatsemi.com\/#website\",\"url\":\"https:\/\/www.drvickykatsemi.com\/\",\"name\":\"Dr. Vicky Katsemi Wasserhygiene & Mikrobiologie\",\"description\":\"Katsemi Wasserhygiene &amp; Mikrobiologie\",\"publisher\":{\"@id\":\"https:\/\/www.drvickykatsemi.com\/#organization\"},\"alternateName\":\"Katsemi Wasserhygiene & Mikrobiologie\",\"potentialAction\":[{\"@type\":\"SearchAction\",\"target\":{\"@type\":\"EntryPoint\",\"urlTemplate\":\"https:\/\/www.drvickykatsemi.com\/?s={search_term_string}\"},\"query-input\":{\"@type\":\"PropertyValueSpecification\",\"valueRequired\":true,\"valueName\":\"search_term_string\"}}],\"inLanguage\":\"el\"},{\"@type\":\"Organization\",\"@id\":\"https:\/\/www.drvickykatsemi.com\/#organization\",\"name\":\"Dr. Vicky Katsemi Wasserhygiene & Mikrobiologie\",\"url\":\"https:\/\/www.drvickykatsemi.com\/\",\"logo\":{\"@type\":\"ImageObject\",\"inLanguage\":\"el\",\"@id\":\"https:\/\/www.drvickykatsemi.com\/#\/schema\/logo\/image\/\",\"url\":\"https:\/\/www.drvickykatsemi.com\/wp-content\/uploads\/2025\/09\/cropped-Dr-Vicky-Katsemi-Logo-1.png\",\"contentUrl\":\"https:\/\/www.drvickykatsemi.com\/wp-content\/uploads\/2025\/09\/cropped-Dr-Vicky-Katsemi-Logo-1.png\",\"width\":774,\"height\":484,\"caption\":\"Dr. Vicky Katsemi Wasserhygiene & Mikrobiologie\"},\"image\":{\"@id\":\"https:\/\/www.drvickykatsemi.com\/#\/schema\/logo\/image\/\"},\"sameAs\":[\"https:\/\/de.linkedin.com\/in\/vicky-katsemi-phd-mba-999551148\"]}]}<\/script>\n<!-- \/ Yoast SEO plugin. -->","yoast_head_json":{"title":"Hygienefachgespr\u00e4che Klinikum St. Georg gGmbH - Dr. Vicky Katsemi Wasserhygiene &amp; Mikrobiologie","description":"Trinkwasserverordnung 2023: Online Seminar f\u00fcr Geb\u00e4udebetreiber und Immobilienbesitzer. Neue Anforderungen und wie sie erf\u00fcllt werden k\u00f6nnen.","robots":{"index":"index","follow":"follow","max-snippet":"max-snippet:-1","max-image-preview":"max-image-preview:large","max-video-preview":"max-video-preview:-1"},"canonical":"https:\/\/www.drvickykatsemi.com\/el\/hygienefachgesprache-klinikum-st-georg-ggmbh\/","og_locale":"el_GR","og_type":"article","og_title":"Hygienefachgespr\u00e4che Klinikum St. Georg gGmbH - Dr. Vicky Katsemi Wasserhygiene &amp; Mikrobiologie","og_description":"Trinkwasserverordnung 2023: Online Seminar f\u00fcr Geb\u00e4udebetreiber und Immobilienbesitzer. Neue Anforderungen und wie sie erf\u00fcllt werden k\u00f6nnen.","og_url":"https:\/\/www.drvickykatsemi.com\/el\/hygienefachgesprache-klinikum-st-georg-ggmbh\/","og_site_name":"Dr. Vicky Katsemi Wasserhygiene &amp; Mikrobiologie","article_modified_time":"2024-08-06T05:44:32+00:00","twitter_card":"summary_large_image","twitter_misc":{"\u0395\u03ba\u03c4\u03b9\u03bc\u03ce\u03bc\u03b5\u03bd\u03bf\u03c2 \u03c7\u03c1\u03cc\u03bd\u03bf\u03c2 \u03b1\u03bd\u03ac\u03b3\u03bd\u03c9\u03c3\u03b7\u03c2":"2 \u03bb\u03b5\u03c0\u03c4\u03ac"},"schema":{"@context":"https:\/\/schema.org","@graph":[{"@type":"WebPage","@id":"https:\/\/www.drvickykatsemi.com\/hygienefachgesprache-klinikum-st-georg-ggmbh\/","url":"https:\/\/www.drvickykatsemi.com\/hygienefachgesprache-klinikum-st-georg-ggmbh\/","name":"Hygienefachgespr\u00e4che Klinikum St. Georg gGmbH - Dr. Vicky Katsemi Wasserhygiene &amp; Mikrobiologie","isPartOf":{"@id":"https:\/\/www.drvickykatsemi.com\/#website"},"datePublished":"2024-08-06T05:42:18+00:00","dateModified":"2024-08-06T05:44:32+00:00","description":"Trinkwasserverordnung 2023: Online Seminar f\u00fcr Geb\u00e4udebetreiber und Immobilienbesitzer. Neue Anforderungen und wie sie erf\u00fcllt werden k\u00f6nnen.","breadcrumb":{"@id":"https:\/\/www.drvickykatsemi.com\/hygienefachgesprache-klinikum-st-georg-ggmbh\/#breadcrumb"},"inLanguage":"el","potentialAction":[{"@type":"ReadAction","target":["https:\/\/www.drvickykatsemi.com\/hygienefachgesprache-klinikum-st-georg-ggmbh\/"]}]},{"@type":"BreadcrumbList","@id":"https:\/\/www.drvickykatsemi.com\/hygienefachgesprache-klinikum-st-georg-ggmbh\/#breadcrumb","itemListElement":[{"@type":"ListItem","position":1,"name":"Startseite","item":"https:\/\/www.drvickykatsemi.com\/"},{"@type":"ListItem","position":2,"name":"Hygienefachgespr\u00e4che Klinikum St. Georg gGmbH"}]},{"@type":"WebSite","@id":"https:\/\/www.drvickykatsemi.com\/#website","url":"https:\/\/www.drvickykatsemi.com\/","name":"Dr. Vicky Katsemi Wasserhygiene & Mikrobiologie","description":"Katsemi Wasserhygiene &amp; Mikrobiologie","publisher":{"@id":"https:\/\/www.drvickykatsemi.com\/#organization"},"alternateName":"Katsemi Wasserhygiene & Mikrobiologie","potentialAction":[{"@type":"SearchAction","target":{"@type":"EntryPoint","urlTemplate":"https:\/\/www.drvickykatsemi.com\/?s={search_term_string}"},"query-input":{"@type":"PropertyValueSpecification","valueRequired":true,"valueName":"search_term_string"}}],"inLanguage":"el"},{"@type":"Organization","@id":"https:\/\/www.drvickykatsemi.com\/#organization","name":"Dr. Vicky Katsemi Wasserhygiene & Mikrobiologie","url":"https:\/\/www.drvickykatsemi.com\/","logo":{"@type":"ImageObject","inLanguage":"el","@id":"https:\/\/www.drvickykatsemi.com\/#\/schema\/logo\/image\/","url":"https:\/\/www.drvickykatsemi.com\/wp-content\/uploads\/2025\/09\/cropped-Dr-Vicky-Katsemi-Logo-1.png","contentUrl":"https:\/\/www.drvickykatsemi.com\/wp-content\/uploads\/2025\/09\/cropped-Dr-Vicky-Katsemi-Logo-1.png","width":774,"height":484,"caption":"Dr. Vicky Katsemi Wasserhygiene & Mikrobiologie"},"image":{"@id":"https:\/\/www.drvickykatsemi.com\/#\/schema\/logo\/image\/"},"sameAs":["https:\/\/de.linkedin.com\/in\/vicky-katsemi-phd-mba-999551148"]}]}},"_links":{"self":[{"href":"https:\/\/www.drvickykatsemi.com\/el\/wp-json\/wp\/v2\/pages\/3454","targetHints":{"allow":["GET"]}}],"collection":[{"href":"https:\/\/www.drvickykatsemi.com\/el\/wp-json\/wp\/v2\/pages"}],"about":[{"href":"https:\/\/www.drvickykatsemi.com\/el\/wp-json\/wp\/v2\/types\/page"}],"author":[{"embeddable":true,"href":"https:\/\/www.drvickykatsemi.com\/el\/wp-json\/wp\/v2\/users\/1"}],"replies":[{"embeddable":true,"href":"https:\/\/www.drvickykatsemi.com\/el\/wp-json\/wp\/v2\/comments?post=3454"}],"version-history":[{"count":0,"href":"https:\/\/www.drvickykatsemi.com\/el\/wp-json\/wp\/v2\/pages\/3454\/revisions"}],"wp:attachment":[{"href":"https:\/\/www.drvickykatsemi.com\/el\/wp-json\/wp\/v2\/media?parent=3454"}],"curies":[{"name":"wp","href":"https:\/\/api.w.org\/{rel}","templated":true}]}}