{"id":3170,"date":"2024-02-26T08:59:44","date_gmt":"2024-02-26T07:59:44","guid":{"rendered":"https:\/\/www.drvickykatsemi.com\/?page_id=3170"},"modified":"2024-03-25T08:50:50","modified_gmt":"2024-03-25T07:50:50","slug":"eccmid-postgraduate-educational-course","status":"publish","type":"page","link":"https:\/\/www.drvickykatsemi.com\/el\/eccmid-postgraduate-educational-course\/","title":{"rendered":"ECCMID Postgraduate educational course"},"content":{"rendered":"<div data-elementor-type=\"wp-page\" data-elementor-id=\"3170\" class=\"elementor elementor-3170\">\n\t\t\t\t\t\t<section class=\"elementor-section elementor-top-section elementor-element elementor-element-5744d33e elementor-section-height-min-height elementor-section-boxed elementor-section-height-default elementor-section-items-middle\" data-id=\"5744d33e\" data-element_type=\"section\" data-settings=\"{&quot;background_background&quot;:&quot;classic&quot;}\">\n\t\t\t\t\t\t\t<div class=\"elementor-background-overlay\"><\/div>\n\t\t\t\t\t\t\t<div class=\"elementor-container elementor-column-gap-default\">\n\t\t\t\t\t<div class=\"elementor-column elementor-col-100 elementor-top-column elementor-element elementor-element-5c39e9af\" data-id=\"5c39e9af\" data-element_type=\"column\">\n\t\t\t<div class=\"elementor-widget-wrap elementor-element-populated\">\n\t\t\t\t\t\t<div class=\"elementor-element elementor-element-41021d1b elementor-widget elementor-widget-heading\" data-id=\"41021d1b\" data-element_type=\"widget\" data-widget_type=\"heading.default\">\n\t\t\t\t<div class=\"elementor-widget-container\">\n\t\t\t\t\t<h1 class=\"elementor-heading-title elementor-size-default\">ECCMID Postgraduate educational course<\/h1>\t\t\t\t<\/div>\n\t\t\t\t<\/div>\n\t\t\t\t<div class=\"elementor-element elementor-element-61bab18 elementor-widget elementor-widget-heading\" data-id=\"61bab18\" data-element_type=\"widget\" data-widget_type=\"heading.default\">\n\t\t\t\t<div class=\"elementor-widget-container\">\n\t\t\t\t\t<h1 class=\"elementor-heading-title elementor-size-default\"> \u201cSafer Hospitals in the Future: Design, Ventilation, Water and Sustainability\u201d\n\n<\/h1>\t\t\t\t<\/div>\n\t\t\t\t<\/div>\n\t\t\t\t\t<\/div>\n\t\t<\/div>\n\t\t\t\t\t<\/div>\n\t\t<\/section>\n\t\t\t\t<section class=\"elementor-section elementor-top-section elementor-element elementor-element-370db71 elementor-section-boxed elementor-section-height-default elementor-section-height-default\" data-id=\"370db71\" data-element_type=\"section\">\n\t\t\t\t\t\t<div class=\"elementor-container elementor-column-gap-default\">\n\t\t\t\t\t<div class=\"elementor-column elementor-col-100 elementor-top-column elementor-element elementor-element-af47b1d\" data-id=\"af47b1d\" data-element_type=\"column\">\n\t\t\t<div class=\"elementor-widget-wrap elementor-element-populated\">\n\t\t\t\t\t\t<div class=\"elementor-element elementor-element-0ea680c elementor-widget elementor-widget-text-editor\" data-id=\"0ea680c\" data-element_type=\"widget\" data-widget_type=\"text-editor.default\">\n\t\t\t\t<div class=\"elementor-widget-container\">\n\t\t\t\t\t\t\t\t\t<p><strong>Entdecken Sie jetzt unseren Online Kurs: ECCMID Postgraduate educational course (online)<\/strong><\/p><p>(f\u00fcr Englisch bitte runterscrollen)<\/p><p>\u00a0<\/p><p>Dieser Online Kursrichtet sich an medizinisches Fachpersonal, Krankenhaushygieniker, Umweltexperten sowie alle, die in Planung, Konstruktion oder Betrieb medizinischer Einrichtungen t\u00e4tig sind. Es bietet eine ideale Gelegenheit f\u00fcr diejenigen, die ihr Wissen und ihre Expertise im Bereich der Infektionspr\u00e4vention und -kontrolle erweitern m\u00f6chten.<\/p><p>\u00a0<\/p><p>Wann: Mittwoch und Donnerstag, 12. und 13. Juni 2024<\/p><p>Format: Online<\/p><p>Registrierung bis: 01. Juni 2024<\/p><p>\u00a0<\/p><p>F\u00fcr den Mittwoch, 12. Juni 2024, von 14.30 bis 15.00 Uhr, pr\u00e4sentiere ich meinen Beitrag mit dem Titel \u201eEngineering andplanningaspectsofwatersystemsforsafepatient care\u201c. Erfahren Sie in diesem Vortrag die neuesten Erkenntnisse aus Wissenschaft und Praxis \u00fcber die entscheidenden technischen Aspekte f\u00fcr das korrekte Design, den Einbau und die Inbetriebnahme von Wasserstellen in medizinischen Einrichtungen, um das Risiko wasserassoziierter Infektionen zu minimieren.<\/p>\t\t\t\t\t\t\t\t<\/div>\n\t\t\t\t<\/div>\n\t\t\t\t<div class=\"elementor-element elementor-element-21c38b5 elementor-widget elementor-widget-button\" data-id=\"21c38b5\" data-element_type=\"widget\" data-widget_type=\"button.default\">\n\t\t\t\t<div class=\"elementor-widget-container\">\n\t\t\t\t\t\t\t\t\t<div class=\"elementor-button-wrapper\">\n\t\t\t\t\t<a class=\"elementor-button elementor-button-link elementor-size-sm\" href=\"https:\/\/www.escmid.org\/fileadmin\/src\/media\/PDFs\/3Research_Projects\/ESGAP\/AMS_CERT_2023\/ESGNI_2024_Flyer.pdf\">\n\t\t\t\t\t\t<span class=\"elementor-button-content-wrapper\">\n\t\t\t\t\t\t\t\t\t<span class=\"elementor-button-text\">Zum offiziellen Flyer<\/span>\n\t\t\t\t\t<\/span>\n\t\t\t\t\t<\/a>\n\t\t\t\t<\/div>\n\t\t\t\t\t\t\t\t<\/div>\n\t\t\t\t<\/div>\n\t\t\t\t\t<\/div>\n\t\t<\/div>\n\t\t\t\t\t<\/div>\n\t\t<\/section>\n\t\t\t\t<section class=\"elementor-section elementor-top-section elementor-element elementor-element-260650c elementor-section-boxed elementor-section-height-default elementor-section-height-default\" data-id=\"260650c\" data-element_type=\"section\">\n\t\t\t\t\t\t<div class=\"elementor-container elementor-column-gap-default\">\n\t\t\t\t\t<div class=\"elementor-column elementor-col-100 elementor-top-column elementor-element elementor-element-30c4761\" data-id=\"30c4761\" data-element_type=\"column\">\n\t\t\t<div class=\"elementor-widget-wrap elementor-element-populated\">\n\t\t\t\t\t\t<div class=\"elementor-element elementor-element-c5a8e1a elementor-widget elementor-widget-text-editor\" data-id=\"c5a8e1a\" data-element_type=\"widget\" data-widget_type=\"text-editor.default\">\n\t\t\t\t<div class=\"elementor-widget-container\">\n\t\t\t\t\t\t\t\t\t<p><strong><span lang=\"en-US\">Discover our Online Course: ECCMID Postgraduate Educational Course (online)<\/span><\/strong><\/p><p>\u00a0<\/p><p><span lang=\"en-US\">This postgraduate course is specifically designed for healthcare professionals, infection control practitioners, environmental health specialists<\/span><span lang=\"en-US\">,<\/span><span lang=\"en-US\"> and anyone involved in the design, construction, or operation of healthcare facilities. It is ideal for individuals seeking to enhance their knowledge and expertise in infection prevention and control within healthcare settings. <\/span><\/p><p>\u00a0<\/p><p><span lang=\"en-US\">Date: Wednesday and Thursday, June 12 \u2013 13, 2024<\/span><\/p><p><span lang=\"en-US\">Format: Online<\/span><\/p><p><span lang=\"en-US\">Registration <\/span><span lang=\"en-US\"> deadline<\/span><span lang=\"en-US\">: June 1<\/span><span lang=\"en-US\"><sup>st<\/sup><\/span><span lang=\"en-US\">, <\/span><span lang=\"en-US\">2024<\/span><\/p><p>\u00a0<\/p><p><span lang=\"en-US\">On Wednesday, June 12<\/span><span lang=\"en-US\"><sup>\u03bf\u03c5<\/sup><\/span><span lang=\"en-US\">, 2024, at 2.30 pm I will be presenting about \u201cEngineering and planning aspects of water systems for safe patient care\u201d. In this session you will hear about the important technical aspects of design, <\/span><span lang=\"en-US\">installation<\/span><span lang=\"en-US\"> and commissioning of water outlets in medical institutions in order to minimize the risk of water<\/span><span lang=\"en-US\">&#8211;<\/span><span lang=\"en-US\">associated infections. <\/span><\/p>\t\t\t\t\t\t\t\t<\/div>\n\t\t\t\t<\/div>\n\t\t\t\t<div class=\"elementor-element elementor-element-88fa162 elementor-widget elementor-widget-button\" data-id=\"88fa162\" data-element_type=\"widget\" data-widget_type=\"button.default\">\n\t\t\t\t<div class=\"elementor-widget-container\">\n\t\t\t\t\t\t\t\t\t<div class=\"elementor-button-wrapper\">\n\t\t\t\t\t<a class=\"elementor-button elementor-button-link elementor-size-sm\" href=\"https:\/\/www.escmid.org\/fileadmin\/src\/media\/PDFs\/3Research_Projects\/ESGAP\/AMS_CERT_2023\/ESGNI_2024_Flyer.pdf\">\n\t\t\t\t\t\t<span class=\"elementor-button-content-wrapper\">\n\t\t\t\t\t\t\t\t\t<span class=\"elementor-button-text\">official flyer<\/span>\n\t\t\t\t\t<\/span>\n\t\t\t\t\t<\/a>\n\t\t\t\t<\/div>\n\t\t\t\t\t\t\t\t<\/div>\n\t\t\t\t<\/div>\n\t\t\t\t\t<\/div>\n\t\t<\/div>\n\t\t\t\t\t<\/div>\n\t\t<\/section>\n\t\t\t\t<\/div>","protected":false},"excerpt":{"rendered":"<p>ECCMID Postgraduate educational course \u201cSafer Hospitals in the Future: Design, Ventilation, Water and Sustainability\u201d Entdecken Sie jetzt unseren Online Kurs: ECCMID Postgraduate educational course (online) (f\u00fcr Englisch bitte runterscrollen) \u00a0 Dieser Online Kursrichtet sich an medizinisches Fachpersonal, Krankenhaushygieniker, Umweltexperten sowie alle, die in Planung, Konstruktion oder Betrieb medizinischer Einrichtungen t\u00e4tig sind. Es bietet eine ideale [&hellip;]<\/p>","protected":false},"author":2,"featured_media":0,"parent":0,"menu_order":0,"comment_status":"closed","ping_status":"closed","template":"","meta":{"site-sidebar-layout":"no-sidebar","site-content-layout":"page-builder","ast-site-content-layout":"","site-content-style":"default","site-sidebar-style":"default","ast-global-header-display":"","ast-banner-title-visibility":"","ast-main-header-display":"","ast-hfb-above-header-display":"","ast-hfb-below-header-display":"","ast-hfb-mobile-header-display":"","site-post-title":"disabled","ast-breadcrumbs-content":"","ast-featured-img":"disabled","footer-sml-layout":"","theme-transparent-header-meta":"enabled","adv-header-id-meta":"","stick-header-meta":"","header-above-stick-meta":"","header-main-stick-meta":"","header-below-stick-meta":"","astra-migrate-meta-layouts":"default","ast-page-background-enabled":"default","ast-page-background-meta":{"desktop":{"background-color":"var(--ast-global-color-4)","background-image":"","background-repeat":"repeat","background-position":"center center","background-size":"auto","background-attachment":"scroll","background-type":"","background-media":"","overlay-type":"","overlay-color":"","overlay-opacity":"","overlay-gradient":""},"tablet":{"background-color":"","background-image":"","background-repeat":"repeat","background-position":"center center","background-size":"auto","background-attachment":"scroll","background-type":"","background-media":"","overlay-type":"","overlay-color":"","overlay-opacity":"","overlay-gradient":""},"mobile":{"background-color":"","background-image":"","background-repeat":"repeat","background-position":"center center","background-size":"auto","background-attachment":"scroll","background-type":"","background-media":"","overlay-type":"","overlay-color":"","overlay-opacity":"","overlay-gradient":""}},"ast-content-background-meta":{"desktop":{"background-color":"var(--ast-global-color-5)","background-image":"","background-repeat":"repeat","background-position":"center center","background-size":"auto","background-attachment":"scroll","background-type":"","background-media":"","overlay-type":"","overlay-color":"","overlay-opacity":"","overlay-gradient":""},"tablet":{"background-color":"var(--ast-global-color-5)","background-image":"","background-repeat":"repeat","background-position":"center center","background-size":"auto","background-attachment":"scroll","background-type":"","background-media":"","overlay-type":"","overlay-color":"","overlay-opacity":"","overlay-gradient":""},"mobile":{"background-color":"var(--ast-global-color-5)","background-image":"","background-repeat":"repeat","background-position":"center center","background-size":"auto","background-attachment":"scroll","background-type":"","background-media":"","overlay-type":"","overlay-color":"","overlay-opacity":"","overlay-gradient":""}},"footnotes":""},"class_list":["post-3170","page","type-page","status-publish","hentry"],"yoast_head":"<!-- This site is optimized with the Yoast SEO plugin v24.5 - https:\/\/yoast.com\/wordpress\/plugins\/seo\/ -->\n<title>ECCMID Postgraduate educational course - Dr. Vicky Katsemi Wasserhygiene &amp; Mikrobiologie<\/title>\n<meta name=\"robots\" content=\"index, follow, max-snippet:-1, max-image-preview:large, max-video-preview:-1\" \/>\n<link rel=\"canonical\" href=\"https:\/\/www.drvickykatsemi.com\/el\/eccmid-postgraduate-educational-course\/\" \/>\n<meta property=\"og:locale\" content=\"el_GR\" \/>\n<meta property=\"og:type\" content=\"article\" \/>\n<meta property=\"og:title\" content=\"ECCMID Postgraduate educational course - Dr. Vicky Katsemi Wasserhygiene &amp; Mikrobiologie\" \/>\n<meta property=\"og:description\" content=\"ECCMID Postgraduate educational course \u201cSafer Hospitals in the Future: Design, Ventilation, Water and Sustainability\u201d Entdecken Sie jetzt unseren Online Kurs: ECCMID Postgraduate educational course (online) (f\u00fcr Englisch bitte runterscrollen) \u00a0 Dieser Online Kursrichtet sich an medizinisches Fachpersonal, Krankenhaushygieniker, Umweltexperten sowie alle, die in Planung, Konstruktion oder Betrieb medizinischer Einrichtungen t\u00e4tig sind. Es bietet eine ideale [&hellip;]\" \/>\n<meta property=\"og:url\" content=\"https:\/\/www.drvickykatsemi.com\/el\/eccmid-postgraduate-educational-course\/\" \/>\n<meta property=\"og:site_name\" content=\"Dr. Vicky Katsemi Wasserhygiene &amp; Mikrobiologie\" \/>\n<meta property=\"article:modified_time\" content=\"2024-03-25T07:50:50+00:00\" \/>\n<meta name=\"twitter:card\" content=\"summary_large_image\" \/>\n<meta name=\"twitter:label1\" content=\"\u0395\u03ba\u03c4\u03b9\u03bc\u03ce\u03bc\u03b5\u03bd\u03bf\u03c2 \u03c7\u03c1\u03cc\u03bd\u03bf\u03c2 \u03b1\u03bd\u03ac\u03b3\u03bd\u03c9\u03c3\u03b7\u03c2\" \/>\n\t<meta name=\"twitter:data1\" content=\"2 \u03bb\u03b5\u03c0\u03c4\u03ac\" \/>\n<script type=\"application\/ld+json\" class=\"yoast-schema-graph\">{\"@context\":\"https:\/\/schema.org\",\"@graph\":[{\"@type\":\"WebPage\",\"@id\":\"https:\/\/www.drvickykatsemi.com\/eccmid-postgraduate-educational-course\/\",\"url\":\"https:\/\/www.drvickykatsemi.com\/eccmid-postgraduate-educational-course\/\",\"name\":\"ECCMID Postgraduate educational course - Dr. Vicky Katsemi Wasserhygiene &amp; Mikrobiologie\",\"isPartOf\":{\"@id\":\"https:\/\/www.drvickykatsemi.com\/#website\"},\"datePublished\":\"2024-02-26T07:59:44+00:00\",\"dateModified\":\"2024-03-25T07:50:50+00:00\",\"breadcrumb\":{\"@id\":\"https:\/\/www.drvickykatsemi.com\/eccmid-postgraduate-educational-course\/#breadcrumb\"},\"inLanguage\":\"el\",\"potentialAction\":[{\"@type\":\"ReadAction\",\"target\":[\"https:\/\/www.drvickykatsemi.com\/eccmid-postgraduate-educational-course\/\"]}]},{\"@type\":\"BreadcrumbList\",\"@id\":\"https:\/\/www.drvickykatsemi.com\/eccmid-postgraduate-educational-course\/#breadcrumb\",\"itemListElement\":[{\"@type\":\"ListItem\",\"position\":1,\"name\":\"Startseite\",\"item\":\"https:\/\/www.drvickykatsemi.com\/\"},{\"@type\":\"ListItem\",\"position\":2,\"name\":\"ECCMID Postgraduate educational course\"}]},{\"@type\":\"WebSite\",\"@id\":\"https:\/\/www.drvickykatsemi.com\/#website\",\"url\":\"https:\/\/www.drvickykatsemi.com\/\",\"name\":\"Dr. Vicky Katsemi Wasserhygiene & Mikrobiologie\",\"description\":\"Katsemi Wasserhygiene &amp; Mikrobiologie\",\"publisher\":{\"@id\":\"https:\/\/www.drvickykatsemi.com\/#organization\"},\"alternateName\":\"Katsemi Wasserhygiene & Mikrobiologie\",\"potentialAction\":[{\"@type\":\"SearchAction\",\"target\":{\"@type\":\"EntryPoint\",\"urlTemplate\":\"https:\/\/www.drvickykatsemi.com\/?s={search_term_string}\"},\"query-input\":{\"@type\":\"PropertyValueSpecification\",\"valueRequired\":true,\"valueName\":\"search_term_string\"}}],\"inLanguage\":\"el\"},{\"@type\":\"Organization\",\"@id\":\"https:\/\/www.drvickykatsemi.com\/#organization\",\"name\":\"Dr. Vicky Katsemi Wasserhygiene & Mikrobiologie\",\"url\":\"https:\/\/www.drvickykatsemi.com\/\",\"logo\":{\"@type\":\"ImageObject\",\"inLanguage\":\"el\",\"@id\":\"https:\/\/www.drvickykatsemi.com\/#\/schema\/logo\/image\/\",\"url\":\"https:\/\/www.drvickykatsemi.com\/wp-content\/uploads\/2025\/09\/cropped-Dr-Vicky-Katsemi-Logo-1.png\",\"contentUrl\":\"https:\/\/www.drvickykatsemi.com\/wp-content\/uploads\/2025\/09\/cropped-Dr-Vicky-Katsemi-Logo-1.png\",\"width\":774,\"height\":484,\"caption\":\"Dr. Vicky Katsemi Wasserhygiene & Mikrobiologie\"},\"image\":{\"@id\":\"https:\/\/www.drvickykatsemi.com\/#\/schema\/logo\/image\/\"},\"sameAs\":[\"https:\/\/de.linkedin.com\/in\/vicky-katsemi-phd-mba-999551148\"]}]}<\/script>\n<!-- \/ Yoast SEO plugin. -->","yoast_head_json":{"title":"ECCMID Postgraduate educational course - Dr. Vicky Katsemi Wasserhygiene &amp; Mikrobiologie","robots":{"index":"index","follow":"follow","max-snippet":"max-snippet:-1","max-image-preview":"max-image-preview:large","max-video-preview":"max-video-preview:-1"},"canonical":"https:\/\/www.drvickykatsemi.com\/el\/eccmid-postgraduate-educational-course\/","og_locale":"el_GR","og_type":"article","og_title":"ECCMID Postgraduate educational course - Dr. Vicky Katsemi Wasserhygiene &amp; Mikrobiologie","og_description":"ECCMID Postgraduate educational course \u201cSafer Hospitals in the Future: Design, Ventilation, Water and Sustainability\u201d Entdecken Sie jetzt unseren Online Kurs: ECCMID Postgraduate educational course (online) (f\u00fcr Englisch bitte runterscrollen) \u00a0 Dieser Online Kursrichtet sich an medizinisches Fachpersonal, Krankenhaushygieniker, Umweltexperten sowie alle, die in Planung, Konstruktion oder Betrieb medizinischer Einrichtungen t\u00e4tig sind. Es bietet eine ideale [&hellip;]","og_url":"https:\/\/www.drvickykatsemi.com\/el\/eccmid-postgraduate-educational-course\/","og_site_name":"Dr. Vicky Katsemi Wasserhygiene &amp; Mikrobiologie","article_modified_time":"2024-03-25T07:50:50+00:00","twitter_card":"summary_large_image","twitter_misc":{"\u0395\u03ba\u03c4\u03b9\u03bc\u03ce\u03bc\u03b5\u03bd\u03bf\u03c2 \u03c7\u03c1\u03cc\u03bd\u03bf\u03c2 \u03b1\u03bd\u03ac\u03b3\u03bd\u03c9\u03c3\u03b7\u03c2":"2 \u03bb\u03b5\u03c0\u03c4\u03ac"},"schema":{"@context":"https:\/\/schema.org","@graph":[{"@type":"WebPage","@id":"https:\/\/www.drvickykatsemi.com\/eccmid-postgraduate-educational-course\/","url":"https:\/\/www.drvickykatsemi.com\/eccmid-postgraduate-educational-course\/","name":"ECCMID Postgraduate educational course - Dr. Vicky Katsemi Wasserhygiene &amp; Mikrobiologie","isPartOf":{"@id":"https:\/\/www.drvickykatsemi.com\/#website"},"datePublished":"2024-02-26T07:59:44+00:00","dateModified":"2024-03-25T07:50:50+00:00","breadcrumb":{"@id":"https:\/\/www.drvickykatsemi.com\/eccmid-postgraduate-educational-course\/#breadcrumb"},"inLanguage":"el","potentialAction":[{"@type":"ReadAction","target":["https:\/\/www.drvickykatsemi.com\/eccmid-postgraduate-educational-course\/"]}]},{"@type":"BreadcrumbList","@id":"https:\/\/www.drvickykatsemi.com\/eccmid-postgraduate-educational-course\/#breadcrumb","itemListElement":[{"@type":"ListItem","position":1,"name":"Startseite","item":"https:\/\/www.drvickykatsemi.com\/"},{"@type":"ListItem","position":2,"name":"ECCMID Postgraduate educational course"}]},{"@type":"WebSite","@id":"https:\/\/www.drvickykatsemi.com\/#website","url":"https:\/\/www.drvickykatsemi.com\/","name":"Dr. Vicky Katsemi Wasserhygiene & Mikrobiologie","description":"Katsemi Wasserhygiene &amp; Mikrobiologie","publisher":{"@id":"https:\/\/www.drvickykatsemi.com\/#organization"},"alternateName":"Katsemi Wasserhygiene & Mikrobiologie","potentialAction":[{"@type":"SearchAction","target":{"@type":"EntryPoint","urlTemplate":"https:\/\/www.drvickykatsemi.com\/?s={search_term_string}"},"query-input":{"@type":"PropertyValueSpecification","valueRequired":true,"valueName":"search_term_string"}}],"inLanguage":"el"},{"@type":"Organization","@id":"https:\/\/www.drvickykatsemi.com\/#organization","name":"Dr. Vicky Katsemi Wasserhygiene & Mikrobiologie","url":"https:\/\/www.drvickykatsemi.com\/","logo":{"@type":"ImageObject","inLanguage":"el","@id":"https:\/\/www.drvickykatsemi.com\/#\/schema\/logo\/image\/","url":"https:\/\/www.drvickykatsemi.com\/wp-content\/uploads\/2025\/09\/cropped-Dr-Vicky-Katsemi-Logo-1.png","contentUrl":"https:\/\/www.drvickykatsemi.com\/wp-content\/uploads\/2025\/09\/cropped-Dr-Vicky-Katsemi-Logo-1.png","width":774,"height":484,"caption":"Dr. Vicky Katsemi Wasserhygiene & Mikrobiologie"},"image":{"@id":"https:\/\/www.drvickykatsemi.com\/#\/schema\/logo\/image\/"},"sameAs":["https:\/\/de.linkedin.com\/in\/vicky-katsemi-phd-mba-999551148"]}]}},"_links":{"self":[{"href":"https:\/\/www.drvickykatsemi.com\/el\/wp-json\/wp\/v2\/pages\/3170","targetHints":{"allow":["GET"]}}],"collection":[{"href":"https:\/\/www.drvickykatsemi.com\/el\/wp-json\/wp\/v2\/pages"}],"about":[{"href":"https:\/\/www.drvickykatsemi.com\/el\/wp-json\/wp\/v2\/types\/page"}],"author":[{"embeddable":true,"href":"https:\/\/www.drvickykatsemi.com\/el\/wp-json\/wp\/v2\/users\/2"}],"replies":[{"embeddable":true,"href":"https:\/\/www.drvickykatsemi.com\/el\/wp-json\/wp\/v2\/comments?post=3170"}],"version-history":[{"count":0,"href":"https:\/\/www.drvickykatsemi.com\/el\/wp-json\/wp\/v2\/pages\/3170\/revisions"}],"wp:attachment":[{"href":"https:\/\/www.drvickykatsemi.com\/el\/wp-json\/wp\/v2\/media?parent=3170"}],"curies":[{"name":"wp","href":"https:\/\/api.w.org\/{rel}","templated":true}]}}