{"id":2716,"date":"2023-08-16T09:31:07","date_gmt":"2023-08-16T07:31:07","guid":{"rendered":"https:\/\/www.drvickykatsemi.com\/?page_id=2716"},"modified":"2023-08-18T08:01:42","modified_gmt":"2023-08-18T06:01:42","slug":"14-icw-sued-hwx-kongress","status":"publish","type":"page","link":"https:\/\/www.drvickykatsemi.com\/el\/14-icw-sued-hwx-kongress\/","title":{"rendered":"14. ICW-S\u00fcd\/HWX-Kongress"},"content":{"rendered":"<div data-elementor-type=\"wp-page\" data-elementor-id=\"2716\" class=\"elementor elementor-2716\">\n\t\t\t\t\t\t<section class=\"elementor-section elementor-top-section elementor-element elementor-element-5744d33e elementor-section-height-min-height elementor-section-boxed elementor-section-height-default elementor-section-items-middle\" data-id=\"5744d33e\" data-element_type=\"section\" data-settings=\"{&quot;background_background&quot;:&quot;classic&quot;}\">\n\t\t\t\t\t\t\t<div class=\"elementor-background-overlay\"><\/div>\n\t\t\t\t\t\t\t<div class=\"elementor-container elementor-column-gap-default\">\n\t\t\t\t\t<div class=\"elementor-column elementor-col-100 elementor-top-column elementor-element elementor-element-5c39e9af\" data-id=\"5c39e9af\" data-element_type=\"column\">\n\t\t\t<div class=\"elementor-widget-wrap elementor-element-populated\">\n\t\t\t\t\t\t<div class=\"elementor-element elementor-element-41021d1b elementor-widget elementor-widget-heading\" data-id=\"41021d1b\" data-element_type=\"widget\" data-widget_type=\"heading.default\">\n\t\t\t\t<div class=\"elementor-widget-container\">\n\t\t\t\t\t<h1 class=\"elementor-heading-title elementor-size-default\">14. ICW-S\u00fcd\/HWX-Kongress<\/h1>\t\t\t\t<\/div>\n\t\t\t\t<\/div>\n\t\t\t\t\t<\/div>\n\t\t<\/div>\n\t\t\t\t\t<\/div>\n\t\t<\/section>\n\t\t\t\t<section class=\"elementor-section elementor-top-section elementor-element elementor-element-62ab69e elementor-section-boxed elementor-section-height-default elementor-section-height-default\" data-id=\"62ab69e\" data-element_type=\"section\">\n\t\t\t\t\t\t<div class=\"elementor-container elementor-column-gap-default\">\n\t\t\t\t\t<div class=\"elementor-column elementor-col-100 elementor-top-column elementor-element elementor-element-9d8e1a6\" data-id=\"9d8e1a6\" data-element_type=\"column\">\n\t\t\t<div class=\"elementor-widget-wrap elementor-element-populated\">\n\t\t\t\t\t\t<div class=\"elementor-element elementor-element-01efdff elementor-widget elementor-widget-spacer\" data-id=\"01efdff\" data-element_type=\"widget\" data-widget_type=\"spacer.default\">\n\t\t\t\t<div class=\"elementor-widget-container\">\n\t\t\t\t\t\t\t<div class=\"elementor-spacer\">\n\t\t\t<div class=\"elementor-spacer-inner\"><\/div>\n\t\t<\/div>\n\t\t\t\t\t\t<\/div>\n\t\t\t\t<\/div>\n\t\t\t\t<div class=\"elementor-element elementor-element-226f1ca elementor-widget elementor-widget-text-editor\" data-id=\"226f1ca\" data-element_type=\"widget\" data-widget_type=\"text-editor.default\">\n\t\t\t\t<div class=\"elementor-widget-container\">\n\t\t\t\t\t\t\t\t\t<p align=\"justify\"><strong>Vielen Dank an Frau Claudia und Herrn PD. Dr. Andreas Schwarzkopf f\u00fcr die Einladung, w\u00e4hrend des 14. ICW-S\u00fcd\/HWX-Kongress am 29. Juni 2023 die wichtigsten Punkte der neuen Trinkwasserverordnung 2023 vorzustellen. Mit Herrn PD. Dr. Andreas Schwarzkopf als Vorsitzenden und Herrn Prof. von Rheinbaben als weiteren Referenten war es eine gelungene, sehr gut besuchte Sitzung mit intensiver Diskussion. Vielen Dank an alle Anwesenden!<\/strong><\/p>\t\t\t\t\t\t\t\t<\/div>\n\t\t\t\t<\/div>\n\t\t\t\t\t<\/div>\n\t\t<\/div>\n\t\t\t\t\t<\/div>\n\t\t<\/section>\n\t\t\t\t<section class=\"elementor-section elementor-top-section elementor-element elementor-element-9d3e1b3 elementor-section-boxed elementor-section-height-default elementor-section-height-default\" data-id=\"9d3e1b3\" data-element_type=\"section\">\n\t\t\t\t\t\t<div class=\"elementor-container elementor-column-gap-default\">\n\t\t\t\t\t<div class=\"elementor-column elementor-col-100 elementor-top-column elementor-element elementor-element-08ef6fb\" data-id=\"08ef6fb\" data-element_type=\"column\">\n\t\t\t<div class=\"elementor-widget-wrap elementor-element-populated\">\n\t\t\t\t\t\t<div class=\"elementor-element elementor-element-58a9fd9 elementor-widget elementor-widget-image\" data-id=\"58a9fd9\" data-element_type=\"widget\" data-widget_type=\"image.default\">\n\t\t\t\t<div class=\"elementor-widget-container\">\n\t\t\t\t\t\t\t\t\t\t\t\t<figure class=\"wp-caption\">\n\t\t\t\t\t\t\t\t\t\t<img decoding=\"async\" src=\"https:\/\/www.drvickykatsemi.com\/wp-content\/uploads\/elementor\/thumbs\/Katsemi-Dr.-Vicky-scaled-1-qazk751fpqyd0pz2scyyknkq7pzt2zgb5l3welc03s.jpg\" title=\"Katsemi-Dr.-Vicky\" alt=\"Vicky Katsemi\" loading=\"lazy\" \/>\t\t\t\t\t\t\t\t\t\t\t<figcaption class=\"widget-image-caption wp-caption-text\">Quelle: Institut Schwarzkopf<\/figcaption>\n\t\t\t\t\t\t\t\t\t\t<\/figure>\n\t\t\t\t\t\t\t\t\t<\/div>\n\t\t\t\t<\/div>\n\t\t\t\t\t<\/div>\n\t\t<\/div>\n\t\t\t\t\t<\/div>\n\t\t<\/section>\n\t\t\t\t<section class=\"elementor-section elementor-top-section elementor-element elementor-element-67201a5 elementor-section-boxed elementor-section-height-default elementor-section-height-default\" data-id=\"67201a5\" data-element_type=\"section\">\n\t\t\t\t\t\t<div class=\"elementor-container elementor-column-gap-default\">\n\t\t\t\t\t<div class=\"elementor-column elementor-col-100 elementor-top-column elementor-element elementor-element-84deddb\" data-id=\"84deddb\" data-element_type=\"column\">\n\t\t\t<div class=\"elementor-widget-wrap elementor-element-populated\">\n\t\t\t\t\t\t<div class=\"elementor-element elementor-element-2ab2295 elementor-widget elementor-widget-spacer\" data-id=\"2ab2295\" data-element_type=\"widget\" data-widget_type=\"spacer.default\">\n\t\t\t\t<div class=\"elementor-widget-container\">\n\t\t\t\t\t\t\t<div class=\"elementor-spacer\">\n\t\t\t<div class=\"elementor-spacer-inner\"><\/div>\n\t\t<\/div>\n\t\t\t\t\t\t<\/div>\n\t\t\t\t<\/div>\n\t\t\t\t<div class=\"elementor-element elementor-element-bcccb36 elementor-widget elementor-widget-text-editor\" data-id=\"bcccb36\" data-element_type=\"widget\" data-widget_type=\"text-editor.default\">\n\t\t\t\t<div class=\"elementor-widget-container\">\n\t\t\t\t\t\t\t\t\t<p align=\"justify\"><strong>Zur neuen Trinkwasserverordnung 2023:<\/strong><\/p><p align=\"justify\">\u00a0<\/p><p align=\"justify\"><strong>Aufgrund der seit Dezember 2020 geltenden European Drinking Water Directive (<span style=\"color: #0563c1;\"><u><a href=\"https:\/\/eur-lex.europa.eu\/eli\/dir\/2020\/2184\/oj\">https:\/\/eur-lex.europa.eu\/eli\/dir\/2020\/2184\/oj<\/a><\/u><\/span> ) musste die deutsche Trinkwasserverordnung innerhalb von 2 Jahren novelliert werden. Die neue Trinkwasserverordnung 2023 wurde zum 31. M\u00e4rz 2023 vom Bundestag verabschiedet, am 23. Juni 2023 im Bundesanzeiger ver\u00f6ffentlicht und ist am 23. Juni 2023 in Kraft getreten.<\/strong><\/p><p align=\"justify\">\u00a0<\/p><p align=\"justify\"><strong>Analog zur neuen European Drinking Water Directive, Grenzwerte und Zielwerte wurden f\u00fcr mehrere Stoffe strikter, wie z.B. f\u00fcr Blei. Der technische Ma\u00dfnahmenwert f\u00fcr <i>Legionella<\/i> spp. ist bei 100 KBE \/ 100 ml geblieben, allerdings ist eine Risikoabsch\u00e4tzung bereits beim Erreichen dieser Konzentration f\u00fcr <i>Legionella<\/i> spp. vorgeschrieben, und nicht bei \u00dcberschreitung des technischen Ma\u00dfnahmenwertes, wie bisher. Eine weitere Neuerung der Trinkwasserverordnung 2023 ist die Umsetzung eines Risikomanagements f\u00fcr Wasserversorger.<\/strong><\/p><p align=\"justify\">\u00a0<\/p><p align=\"justify\"><strong>M\u00f6chten Sie mehr \u00fcber die neue Trinkwasserverordnung 2023 erfahren und \u00fcber Ihre neuen bzw. weitergehenden Pflichten als Geb\u00e4udebetreiber diskutieren? Wir freuen uns Sie in einem unserer Seminaren zur neuen Trinkwasserverordnung 2023 zu begr\u00fc\u00dfen! Mehr Informationen finden Sie <a href=\"https:\/\/www.drvickykatsemi.com\/el\/trinkwasserverordnung-2023\/\"><i>\u03b5\u03b4\u03ce<\/i><\/a><\/strong><\/p><div>\u00a0<\/div>\t\t\t\t\t\t\t\t<\/div>\n\t\t\t\t<\/div>\n\t\t\t\t\t<\/div>\n\t\t<\/div>\n\t\t\t\t\t<\/div>\n\t\t<\/section>\n\t\t\t\t<\/div>","protected":false},"excerpt":{"rendered":"<p>14. ICW-S\u00fcd\/HWX-Kongress Vielen Dank an Frau Claudia und Herrn PD. Dr. Andreas Schwarzkopf f\u00fcr die Einladung, w\u00e4hrend des 14. ICW-S\u00fcd\/HWX-Kongress am 29. Juni 2023 die wichtigsten Punkte der neuen Trinkwasserverordnung 2023 vorzustellen. Mit Herrn PD. Dr. Andreas Schwarzkopf als Vorsitzenden und Herrn Prof. von Rheinbaben als weiteren Referenten war es eine gelungene, sehr gut besuchte [&hellip;]<\/p>","protected":false},"author":1,"featured_media":0,"parent":0,"menu_order":0,"comment_status":"closed","ping_status":"closed","template":"","meta":{"site-sidebar-layout":"no-sidebar","site-content-layout":"page-builder","ast-site-content-layout":"","site-content-style":"default","site-sidebar-style":"default","ast-global-header-display":"","ast-banner-title-visibility":"","ast-main-header-display":"","ast-hfb-above-header-display":"","ast-hfb-below-header-display":"","ast-hfb-mobile-header-display":"","site-post-title":"disabled","ast-breadcrumbs-content":"","ast-featured-img":"disabled","footer-sml-layout":"","theme-transparent-header-meta":"enabled","adv-header-id-meta":"","stick-header-meta":"","header-above-stick-meta":"","header-main-stick-meta":"","header-below-stick-meta":"","astra-migrate-meta-layouts":"default","ast-page-background-enabled":"default","ast-page-background-meta":{"desktop":{"background-color":"var(--ast-global-color-4)","background-image":"","background-repeat":"repeat","background-position":"center center","background-size":"auto","background-attachment":"scroll","background-type":"","background-media":"","overlay-type":"","overlay-color":"","overlay-opacity":"","overlay-gradient":""},"tablet":{"background-color":"","background-image":"","background-repeat":"repeat","background-position":"center center","background-size":"auto","background-attachment":"scroll","background-type":"","background-media":"","overlay-type":"","overlay-color":"","overlay-opacity":"","overlay-gradient":""},"mobile":{"background-color":"","background-image":"","background-repeat":"repeat","background-position":"center center","background-size":"auto","background-attachment":"scroll","background-type":"","background-media":"","overlay-type":"","overlay-color":"","overlay-opacity":"","overlay-gradient":""}},"ast-content-background-meta":{"desktop":{"background-color":"var(--ast-global-color-5)","background-image":"","background-repeat":"repeat","background-position":"center center","background-size":"auto","background-attachment":"scroll","background-type":"","background-media":"","overlay-type":"","overlay-color":"","overlay-opacity":"","overlay-gradient":""},"tablet":{"background-color":"var(--ast-global-color-5)","background-image":"","background-repeat":"repeat","background-position":"center center","background-size":"auto","background-attachment":"scroll","background-type":"","background-media":"","overlay-type":"","overlay-color":"","overlay-opacity":"","overlay-gradient":""},"mobile":{"background-color":"var(--ast-global-color-5)","background-image":"","background-repeat":"repeat","background-position":"center center","background-size":"auto","background-attachment":"scroll","background-type":"","background-media":"","overlay-type":"","overlay-color":"","overlay-opacity":"","overlay-gradient":""}},"footnotes":""},"class_list":["post-2716","page","type-page","status-publish","hentry"],"yoast_head":"<!-- This site is optimized with the Yoast SEO plugin v24.5 - https:\/\/yoast.com\/wordpress\/plugins\/seo\/ -->\n<title>14. ICW-S\u00fcd\/HWX-Kongress - Dr. Vicky Katsemi Wasserhygiene &amp; Mikrobiologie<\/title>\n<meta name=\"robots\" content=\"index, follow, max-snippet:-1, max-image-preview:large, max-video-preview:-1\" \/>\n<link rel=\"canonical\" href=\"https:\/\/www.drvickykatsemi.com\/el\/14-icw-sued-hwx-kongress\/\" \/>\n<meta property=\"og:locale\" content=\"el_GR\" \/>\n<meta property=\"og:type\" content=\"article\" \/>\n<meta property=\"og:title\" content=\"14. ICW-S\u00fcd\/HWX-Kongress - Dr. Vicky Katsemi Wasserhygiene &amp; Mikrobiologie\" \/>\n<meta property=\"og:description\" content=\"14. ICW-S\u00fcd\/HWX-Kongress Vielen Dank an Frau Claudia und Herrn PD. Dr. Andreas Schwarzkopf f\u00fcr die Einladung, w\u00e4hrend des 14. ICW-S\u00fcd\/HWX-Kongress am 29. Juni 2023 die wichtigsten Punkte der neuen Trinkwasserverordnung 2023 vorzustellen. Mit Herrn PD. Dr. Andreas Schwarzkopf als Vorsitzenden und Herrn Prof. von Rheinbaben als weiteren Referenten war es eine gelungene, sehr gut besuchte [&hellip;]\" \/>\n<meta property=\"og:url\" content=\"https:\/\/www.drvickykatsemi.com\/el\/14-icw-sued-hwx-kongress\/\" \/>\n<meta property=\"og:site_name\" content=\"Dr. Vicky Katsemi Wasserhygiene &amp; Mikrobiologie\" \/>\n<meta property=\"article:modified_time\" content=\"2023-08-18T06:01:42+00:00\" \/>\n<meta property=\"og:image\" content=\"https:\/\/www.drvickykatsemi.com\/wp-content\/uploads\/elementor\/thumbs\/Katsemi-Dr.-Vicky-scaled-1-qazk751fpqyd0pz2scyyknkq7pzt2zgb5l3welc03s.jpg\" \/>\n<meta name=\"twitter:card\" content=\"summary_large_image\" \/>\n<meta name=\"twitter:label1\" content=\"\u0395\u03ba\u03c4\u03b9\u03bc\u03ce\u03bc\u03b5\u03bd\u03bf\u03c2 \u03c7\u03c1\u03cc\u03bd\u03bf\u03c2 \u03b1\u03bd\u03ac\u03b3\u03bd\u03c9\u03c3\u03b7\u03c2\" \/>\n\t<meta name=\"twitter:data1\" content=\"2 \u03bb\u03b5\u03c0\u03c4\u03ac\" \/>\n<script type=\"application\/ld+json\" class=\"yoast-schema-graph\">{\"@context\":\"https:\/\/schema.org\",\"@graph\":[{\"@type\":\"WebPage\",\"@id\":\"https:\/\/www.drvickykatsemi.com\/14-icw-sued-hwx-kongress\/\",\"url\":\"https:\/\/www.drvickykatsemi.com\/14-icw-sued-hwx-kongress\/\",\"name\":\"14. ICW-S\u00fcd\/HWX-Kongress - Dr. Vicky Katsemi Wasserhygiene &amp; Mikrobiologie\",\"isPartOf\":{\"@id\":\"https:\/\/www.drvickykatsemi.com\/#website\"},\"primaryImageOfPage\":{\"@id\":\"https:\/\/www.drvickykatsemi.com\/14-icw-sued-hwx-kongress\/#primaryimage\"},\"image\":{\"@id\":\"https:\/\/www.drvickykatsemi.com\/14-icw-sued-hwx-kongress\/#primaryimage\"},\"thumbnailUrl\":\"https:\/\/www.drvickykatsemi.com\/wp-content\/uploads\/elementor\/thumbs\/Katsemi-Dr.-Vicky-scaled-1-qazk751fpqyd0pz2scyyknkq7pzt2zgb5l3welc03s.jpg\",\"datePublished\":\"2023-08-16T07:31:07+00:00\",\"dateModified\":\"2023-08-18T06:01:42+00:00\",\"breadcrumb\":{\"@id\":\"https:\/\/www.drvickykatsemi.com\/14-icw-sued-hwx-kongress\/#breadcrumb\"},\"inLanguage\":\"el\",\"potentialAction\":[{\"@type\":\"ReadAction\",\"target\":[\"https:\/\/www.drvickykatsemi.com\/14-icw-sued-hwx-kongress\/\"]}]},{\"@type\":\"ImageObject\",\"inLanguage\":\"el\",\"@id\":\"https:\/\/www.drvickykatsemi.com\/14-icw-sued-hwx-kongress\/#primaryimage\",\"url\":\"https:\/\/www.drvickykatsemi.com\/wp-content\/uploads\/elementor\/thumbs\/Katsemi-Dr.-Vicky-scaled-1-qazk751fpqyd0pz2scyyknkq7pzt2zgb5l3welc03s.jpg\",\"contentUrl\":\"https:\/\/www.drvickykatsemi.com\/wp-content\/uploads\/elementor\/thumbs\/Katsemi-Dr.-Vicky-scaled-1-qazk751fpqyd0pz2scyyknkq7pzt2zgb5l3welc03s.jpg\"},{\"@type\":\"BreadcrumbList\",\"@id\":\"https:\/\/www.drvickykatsemi.com\/14-icw-sued-hwx-kongress\/#breadcrumb\",\"itemListElement\":[{\"@type\":\"ListItem\",\"position\":1,\"name\":\"Startseite\",\"item\":\"https:\/\/www.drvickykatsemi.com\/\"},{\"@type\":\"ListItem\",\"position\":2,\"name\":\"14. ICW-S\u00fcd\/HWX-Kongress\"}]},{\"@type\":\"WebSite\",\"@id\":\"https:\/\/www.drvickykatsemi.com\/#website\",\"url\":\"https:\/\/www.drvickykatsemi.com\/\",\"name\":\"Dr. Vicky Katsemi Wasserhygiene & Mikrobiologie\",\"description\":\"Katsemi Wasserhygiene &amp; Mikrobiologie\",\"publisher\":{\"@id\":\"https:\/\/www.drvickykatsemi.com\/#organization\"},\"alternateName\":\"Katsemi Wasserhygiene & Mikrobiologie\",\"potentialAction\":[{\"@type\":\"SearchAction\",\"target\":{\"@type\":\"EntryPoint\",\"urlTemplate\":\"https:\/\/www.drvickykatsemi.com\/?s={search_term_string}\"},\"query-input\":{\"@type\":\"PropertyValueSpecification\",\"valueRequired\":true,\"valueName\":\"search_term_string\"}}],\"inLanguage\":\"el\"},{\"@type\":\"Organization\",\"@id\":\"https:\/\/www.drvickykatsemi.com\/#organization\",\"name\":\"Dr. Vicky Katsemi Wasserhygiene & Mikrobiologie\",\"url\":\"https:\/\/www.drvickykatsemi.com\/\",\"logo\":{\"@type\":\"ImageObject\",\"inLanguage\":\"el\",\"@id\":\"https:\/\/www.drvickykatsemi.com\/#\/schema\/logo\/image\/\",\"url\":\"https:\/\/www.drvickykatsemi.com\/wp-content\/uploads\/2025\/09\/cropped-Dr-Vicky-Katsemi-Logo-1.png\",\"contentUrl\":\"https:\/\/www.drvickykatsemi.com\/wp-content\/uploads\/2025\/09\/cropped-Dr-Vicky-Katsemi-Logo-1.png\",\"width\":774,\"height\":484,\"caption\":\"Dr. Vicky Katsemi Wasserhygiene & Mikrobiologie\"},\"image\":{\"@id\":\"https:\/\/www.drvickykatsemi.com\/#\/schema\/logo\/image\/\"},\"sameAs\":[\"https:\/\/de.linkedin.com\/in\/vicky-katsemi-phd-mba-999551148\"]}]}<\/script>\n<!-- \/ Yoast SEO plugin. -->","yoast_head_json":{"title":"14. ICW-S\u00fcd\/HWX-Kongress - Dr. Vicky Katsemi Wasserhygiene &amp; Mikrobiologie","robots":{"index":"index","follow":"follow","max-snippet":"max-snippet:-1","max-image-preview":"max-image-preview:large","max-video-preview":"max-video-preview:-1"},"canonical":"https:\/\/www.drvickykatsemi.com\/el\/14-icw-sued-hwx-kongress\/","og_locale":"el_GR","og_type":"article","og_title":"14. ICW-S\u00fcd\/HWX-Kongress - Dr. Vicky Katsemi Wasserhygiene &amp; Mikrobiologie","og_description":"14. ICW-S\u00fcd\/HWX-Kongress Vielen Dank an Frau Claudia und Herrn PD. Dr. Andreas Schwarzkopf f\u00fcr die Einladung, w\u00e4hrend des 14. ICW-S\u00fcd\/HWX-Kongress am 29. Juni 2023 die wichtigsten Punkte der neuen Trinkwasserverordnung 2023 vorzustellen. Mit Herrn PD. Dr. Andreas Schwarzkopf als Vorsitzenden und Herrn Prof. von Rheinbaben als weiteren Referenten war es eine gelungene, sehr gut besuchte [&hellip;]","og_url":"https:\/\/www.drvickykatsemi.com\/el\/14-icw-sued-hwx-kongress\/","og_site_name":"Dr. Vicky Katsemi Wasserhygiene &amp; Mikrobiologie","article_modified_time":"2023-08-18T06:01:42+00:00","og_image":[{"url":"https:\/\/www.drvickykatsemi.com\/wp-content\/uploads\/elementor\/thumbs\/Katsemi-Dr.-Vicky-scaled-1-qazk751fpqyd0pz2scyyknkq7pzt2zgb5l3welc03s.jpg","type":"","width":"","height":""}],"twitter_card":"summary_large_image","twitter_misc":{"\u0395\u03ba\u03c4\u03b9\u03bc\u03ce\u03bc\u03b5\u03bd\u03bf\u03c2 \u03c7\u03c1\u03cc\u03bd\u03bf\u03c2 \u03b1\u03bd\u03ac\u03b3\u03bd\u03c9\u03c3\u03b7\u03c2":"2 \u03bb\u03b5\u03c0\u03c4\u03ac"},"schema":{"@context":"https:\/\/schema.org","@graph":[{"@type":"WebPage","@id":"https:\/\/www.drvickykatsemi.com\/14-icw-sued-hwx-kongress\/","url":"https:\/\/www.drvickykatsemi.com\/14-icw-sued-hwx-kongress\/","name":"14. ICW-S\u00fcd\/HWX-Kongress - Dr. Vicky Katsemi Wasserhygiene &amp; Mikrobiologie","isPartOf":{"@id":"https:\/\/www.drvickykatsemi.com\/#website"},"primaryImageOfPage":{"@id":"https:\/\/www.drvickykatsemi.com\/14-icw-sued-hwx-kongress\/#primaryimage"},"image":{"@id":"https:\/\/www.drvickykatsemi.com\/14-icw-sued-hwx-kongress\/#primaryimage"},"thumbnailUrl":"https:\/\/www.drvickykatsemi.com\/wp-content\/uploads\/elementor\/thumbs\/Katsemi-Dr.-Vicky-scaled-1-qazk751fpqyd0pz2scyyknkq7pzt2zgb5l3welc03s.jpg","datePublished":"2023-08-16T07:31:07+00:00","dateModified":"2023-08-18T06:01:42+00:00","breadcrumb":{"@id":"https:\/\/www.drvickykatsemi.com\/14-icw-sued-hwx-kongress\/#breadcrumb"},"inLanguage":"el","potentialAction":[{"@type":"ReadAction","target":["https:\/\/www.drvickykatsemi.com\/14-icw-sued-hwx-kongress\/"]}]},{"@type":"ImageObject","inLanguage":"el","@id":"https:\/\/www.drvickykatsemi.com\/14-icw-sued-hwx-kongress\/#primaryimage","url":"https:\/\/www.drvickykatsemi.com\/wp-content\/uploads\/elementor\/thumbs\/Katsemi-Dr.-Vicky-scaled-1-qazk751fpqyd0pz2scyyknkq7pzt2zgb5l3welc03s.jpg","contentUrl":"https:\/\/www.drvickykatsemi.com\/wp-content\/uploads\/elementor\/thumbs\/Katsemi-Dr.-Vicky-scaled-1-qazk751fpqyd0pz2scyyknkq7pzt2zgb5l3welc03s.jpg"},{"@type":"BreadcrumbList","@id":"https:\/\/www.drvickykatsemi.com\/14-icw-sued-hwx-kongress\/#breadcrumb","itemListElement":[{"@type":"ListItem","position":1,"name":"Startseite","item":"https:\/\/www.drvickykatsemi.com\/"},{"@type":"ListItem","position":2,"name":"14. ICW-S\u00fcd\/HWX-Kongress"}]},{"@type":"WebSite","@id":"https:\/\/www.drvickykatsemi.com\/#website","url":"https:\/\/www.drvickykatsemi.com\/","name":"Dr. Vicky Katsemi Wasserhygiene & Mikrobiologie","description":"Katsemi Wasserhygiene &amp; Mikrobiologie","publisher":{"@id":"https:\/\/www.drvickykatsemi.com\/#organization"},"alternateName":"Katsemi Wasserhygiene & Mikrobiologie","potentialAction":[{"@type":"SearchAction","target":{"@type":"EntryPoint","urlTemplate":"https:\/\/www.drvickykatsemi.com\/?s={search_term_string}"},"query-input":{"@type":"PropertyValueSpecification","valueRequired":true,"valueName":"search_term_string"}}],"inLanguage":"el"},{"@type":"Organization","@id":"https:\/\/www.drvickykatsemi.com\/#organization","name":"Dr. Vicky Katsemi Wasserhygiene & Mikrobiologie","url":"https:\/\/www.drvickykatsemi.com\/","logo":{"@type":"ImageObject","inLanguage":"el","@id":"https:\/\/www.drvickykatsemi.com\/#\/schema\/logo\/image\/","url":"https:\/\/www.drvickykatsemi.com\/wp-content\/uploads\/2025\/09\/cropped-Dr-Vicky-Katsemi-Logo-1.png","contentUrl":"https:\/\/www.drvickykatsemi.com\/wp-content\/uploads\/2025\/09\/cropped-Dr-Vicky-Katsemi-Logo-1.png","width":774,"height":484,"caption":"Dr. Vicky Katsemi Wasserhygiene & Mikrobiologie"},"image":{"@id":"https:\/\/www.drvickykatsemi.com\/#\/schema\/logo\/image\/"},"sameAs":["https:\/\/de.linkedin.com\/in\/vicky-katsemi-phd-mba-999551148"]}]}},"_links":{"self":[{"href":"https:\/\/www.drvickykatsemi.com\/el\/wp-json\/wp\/v2\/pages\/2716","targetHints":{"allow":["GET"]}}],"collection":[{"href":"https:\/\/www.drvickykatsemi.com\/el\/wp-json\/wp\/v2\/pages"}],"about":[{"href":"https:\/\/www.drvickykatsemi.com\/el\/wp-json\/wp\/v2\/types\/page"}],"author":[{"embeddable":true,"href":"https:\/\/www.drvickykatsemi.com\/el\/wp-json\/wp\/v2\/users\/1"}],"replies":[{"embeddable":true,"href":"https:\/\/www.drvickykatsemi.com\/el\/wp-json\/wp\/v2\/comments?post=2716"}],"version-history":[{"count":0,"href":"https:\/\/www.drvickykatsemi.com\/el\/wp-json\/wp\/v2\/pages\/2716\/revisions"}],"wp:attachment":[{"href":"https:\/\/www.drvickykatsemi.com\/el\/wp-json\/wp\/v2\/media?parent=2716"}],"curies":[{"name":"wp","href":"https:\/\/api.w.org\/{rel}","templated":true}]}}